{"id":965,"date":"2023-03-13T08:10:19","date_gmt":"2023-03-13T08:10:19","guid":{"rendered":"https:\/\/www.pppy.fi\/?page_id=965"},"modified":"2026-03-11T07:59:01","modified_gmt":"2026-03-11T07:59:01","slug":"tapahtumat","status":"publish","type":"page","link":"https:\/\/www.pppy.fi\/index.php\/tapahtumat\/","title":{"rendered":"Tapahtumat"},"content":{"rendered":"\n<div style=\"height:21px\" aria-hidden=\"true\" class=\"wp-block-spacer\"><\/div>\n\n\n\n<div style=\"height:122px\" aria-hidden=\"true\" class=\"wp-block-spacer\"><\/div>\n\n\n\n<h2 class=\"wp-block-heading has-text-align-center\"><\/h2>\n\n\n\n<div class=\"wp-block-columns is-layout-flex wp-container-core-columns-is-layout-1 wp-block-columns-is-layout-flex\">\n<div class=\"wp-block-column is-layout-flow wp-block-column-is-layout-flow\">\n<h2 class=\"wp-block-heading\">Viron ja Latvian vapaussodat<\/h2>\n\n\n\n<p><\/p>\n<\/div>\n\n\n\n<div class=\"wp-block-column is-layout-flow wp-block-column-is-layout-flow\">\n<h2 class=\"wp-block-heading\">Pajari-p\u00e4iv\u00e4 15.12.2025<\/h2>\n<\/div>\n<\/div>\n\n\n\n<div class=\"wp-block-columns is-layout-flex wp-container-core-columns-is-layout-2 wp-block-columns-is-layout-flex\">\n<div class=\"wp-block-column is-layout-flow wp-block-column-is-layout-flow\">\n<figure class=\"wp-block-image size-large\"><a href=\"https:\/\/www.pppy.fi\/wp-content\/uploads\/2026\/03\/IMG_6809-a-Pohjan-Poikien-muistokivella-Kale-ja-Tuomo.jpg\"><img loading=\"lazy\" decoding=\"async\" width=\"1024\" height=\"768\" src=\"https:\/\/www.pppy.fi\/wp-content\/uploads\/2026\/03\/IMG_6809-a-Pohjan-Poikien-muistokivella-Kale-ja-Tuomo-1024x768.jpg\" alt=\"\" class=\"wp-image-1790\" srcset=\"https:\/\/www.pppy.fi\/wp-content\/uploads\/2026\/03\/IMG_6809-a-Pohjan-Poikien-muistokivella-Kale-ja-Tuomo-1024x768.jpg 1024w, https:\/\/www.pppy.fi\/wp-content\/uploads\/2026\/03\/IMG_6809-a-Pohjan-Poikien-muistokivella-Kale-ja-Tuomo-300x225.jpg 300w, https:\/\/www.pppy.fi\/wp-content\/uploads\/2026\/03\/IMG_6809-a-Pohjan-Poikien-muistokivella-Kale-ja-Tuomo-768x576.jpg 768w, https:\/\/www.pppy.fi\/wp-content\/uploads\/2026\/03\/IMG_6809-a-Pohjan-Poikien-muistokivella-Kale-ja-Tuomo-1536x1152.jpg 1536w, https:\/\/www.pppy.fi\/wp-content\/uploads\/2026\/03\/IMG_6809-a-Pohjan-Poikien-muistokivella-Kale-ja-Tuomo.jpg 2000w\" sizes=\"auto, (max-width: 1024px) 100vw, 1024px\" \/><\/a><figcaption class=\"wp-element-caption\">Pohjan Poikien muistokivell\u00e4 &#8211; Kale ja Tuomo<\/figcaption><\/figure>\n<\/div>\n\n\n\n<div class=\"wp-block-column is-layout-flow wp-block-column-is-layout-flow\">\n<figure class=\"wp-block-image size-large\"><a href=\"https:\/\/www.pppy.fi\/wp-content\/uploads\/2025\/12\/6c2ff1dd-3420-4fc6-b384-0b60bda0a88c.jpg\"><img loading=\"lazy\" decoding=\"async\" width=\"768\" height=\"1024\" src=\"https:\/\/www.pppy.fi\/wp-content\/uploads\/2025\/12\/6c2ff1dd-3420-4fc6-b384-0b60bda0a88c-768x1024.jpg\" alt=\"\" class=\"wp-image-1771\" srcset=\"https:\/\/www.pppy.fi\/wp-content\/uploads\/2025\/12\/6c2ff1dd-3420-4fc6-b384-0b60bda0a88c-768x1024.jpg 768w, https:\/\/www.pppy.fi\/wp-content\/uploads\/2025\/12\/6c2ff1dd-3420-4fc6-b384-0b60bda0a88c-225x300.jpg 225w, https:\/\/www.pppy.fi\/wp-content\/uploads\/2025\/12\/6c2ff1dd-3420-4fc6-b384-0b60bda0a88c-1152x1536.jpg 1152w, https:\/\/www.pppy.fi\/wp-content\/uploads\/2025\/12\/6c2ff1dd-3420-4fc6-b384-0b60bda0a88c.jpg 1200w\" sizes=\"auto, (max-width: 768px) 100vw, 768px\" \/><\/a><\/figure>\n<\/div>\n<\/div>\n\n\n\n<div class=\"wp-block-columns is-layout-flex wp-container-core-columns-is-layout-3 wp-block-columns-is-layout-flex\">\n<div class=\"wp-block-column is-layout-flow wp-block-column-is-layout-flow\">\n<div class=\"wp-block-buttons is-layout-flex wp-block-buttons-is-layout-flex\">\n<div class=\"wp-block-button\"><a class=\"wp-block-button__link wp-element-button\" href=\"https:\/\/www.pppy.fi\/index.php\/viron-ja-latvian-vapaussodat\/\">Lue lis\u00e4\u00e4..<\/a><\/div>\n<\/div>\n<\/div>\n\n\n\n<div class=\"wp-block-column is-layout-flow wp-block-column-is-layout-flow\">\n<div class=\"wp-block-buttons is-layout-flex wp-block-buttons-is-layout-flex\">\n<div class=\"wp-block-button\"><a class=\"wp-block-button__link wp-element-button\" href=\"https:\/\/www.pppy.fi\/index.php\/pajari-paiva-15-12-2025\/\">Lue lis\u00e4\u00e4..<\/a><\/div>\n<\/div>\n<\/div>\n<\/div>\n\n\n\n<div class=\"wp-block-columns are-vertically-aligned-bottom is-layout-flex wp-container-core-columns-is-layout-4 wp-block-columns-is-layout-flex\">\n<div class=\"wp-block-column is-vertically-aligned-bottom is-layout-flow wp-block-column-is-layout-flow\">\n<h2 class=\"wp-block-heading has-text-align-center\">Linnakesaarikierros<br><strong>10. &#8211; 12.6.2025<\/strong><\/h2>\n<\/div>\n\n\n\n<div class=\"wp-block-column is-vertically-aligned-bottom is-layout-flow wp-block-column-is-layout-flow\">\n<h2 class=\"wp-block-heading has-text-align-center\"><strong>Matka Gotlantiin ja \u00d6\u00f6lantiin<br>26.-31.5.2024<\/strong><\/h2>\n<\/div>\n<\/div>\n\n\n\n<div class=\"wp-block-columns is-layout-flex wp-container-core-columns-is-layout-5 wp-block-columns-is-layout-flex\">\n<div class=\"wp-block-column is-layout-flow wp-block-column-is-layout-flow\">\n<div class=\"wp-block-group\"><div class=\"wp-block-group__inner-container is-layout-constrained wp-block-group-is-layout-constrained\">\n<figure class=\"wp-block-image size-large\"><a href=\"https:\/\/www.pppy.fi\/wp-content\/uploads\/2025\/06\/IMG_5375-b-Kuuskajaskarin-tykilla-Matti-Lu-vaaka.jpg\"><img loading=\"lazy\" decoding=\"async\" width=\"1024\" height=\"729\" src=\"https:\/\/www.pppy.fi\/wp-content\/uploads\/2025\/06\/IMG_5375-b-Kuuskajaskarin-tykilla-Matti-Lu-vaaka-1024x729.jpg\" alt=\"\" class=\"wp-image-1735\" srcset=\"https:\/\/www.pppy.fi\/wp-content\/uploads\/2025\/06\/IMG_5375-b-Kuuskajaskarin-tykilla-Matti-Lu-vaaka-1024x729.jpg 1024w, https:\/\/www.pppy.fi\/wp-content\/uploads\/2025\/06\/IMG_5375-b-Kuuskajaskarin-tykilla-Matti-Lu-vaaka-300x214.jpg 300w, https:\/\/www.pppy.fi\/wp-content\/uploads\/2025\/06\/IMG_5375-b-Kuuskajaskarin-tykilla-Matti-Lu-vaaka-768x547.jpg 768w, https:\/\/www.pppy.fi\/wp-content\/uploads\/2025\/06\/IMG_5375-b-Kuuskajaskarin-tykilla-Matti-Lu-vaaka-1536x1094.jpg 1536w, https:\/\/www.pppy.fi\/wp-content\/uploads\/2025\/06\/IMG_5375-b-Kuuskajaskarin-tykilla-Matti-Lu-vaaka-2048x1458.jpg 2048w\" sizes=\"auto, (max-width: 1024px) 100vw, 1024px\" \/><\/a><\/figure>\n<\/div><\/div>\n<\/div>\n\n\n\n<div class=\"wp-block-column is-layout-flow wp-block-column-is-layout-flow\">\n<figure class=\"wp-block-image size-large\"><a href=\"https:\/\/www.pppy.fi\/wp-content\/uploads\/2025\/02\/Untitled1.png\"><img loading=\"lazy\" decoding=\"async\" width=\"1024\" height=\"676\" src=\"https:\/\/www.pppy.fi\/wp-content\/uploads\/2025\/02\/Untitled1-1024x676.png\" alt=\"\" class=\"wp-image-1710\" srcset=\"https:\/\/www.pppy.fi\/wp-content\/uploads\/2025\/02\/Untitled1-1024x676.png 1024w, https:\/\/www.pppy.fi\/wp-content\/uploads\/2025\/02\/Untitled1-300x198.png 300w, https:\/\/www.pppy.fi\/wp-content\/uploads\/2025\/02\/Untitled1-768x507.png 768w, https:\/\/www.pppy.fi\/wp-content\/uploads\/2025\/02\/Untitled1.png 1193w\" sizes=\"auto, (max-width: 1024px) 100vw, 1024px\" \/><\/a><\/figure>\n<\/div>\n<\/div>\n\n\n\n<div class=\"wp-block-columns is-layout-flex wp-container-core-columns-is-layout-6 wp-block-columns-is-layout-flex\">\n<div class=\"wp-block-column is-layout-flow wp-block-column-is-layout-flow\">\n<div class=\"wp-block-buttons is-layout-flex wp-block-buttons-is-layout-flex\">\n<div class=\"wp-block-button aligncenter\"><a class=\"wp-block-button__link wp-element-button\" href=\"https:\/\/www.pppy.fi\/indhttps:\/\/www.pppy.fi\/index.php\/linnakesaarikierros-10-12-6-2025\/\">Lue lis\u00e4\u00e4&#8230;<\/a><\/div>\n<\/div>\n<\/div>\n\n\n\n<div class=\"wp-block-column is-layout-flow wp-block-column-is-layout-flow\">\n<div class=\"wp-block-buttons is-layout-flex wp-block-buttons-is-layout-flex\">\n<div class=\"wp-block-button aligncenter\"><a class=\"wp-block-button__link wp-element-button\" href=\"https:\/\/www.phttps:\/\/www.pppy.fi\/index.php\/matka-gotlantiin-ja-oolantiin-26-31-5-2024\/\">Lue lis\u00e4\u00e4&#8230;<\/a><\/div>\n<\/div>\n<\/div>\n<\/div>\n\n\n\n<div style=\"height:100px\" aria-hidden=\"true\" class=\"wp-block-spacer\"><\/div>\n\n\n\n<div class=\"wp-block-buttons is-content-justification-center is-layout-flex wp-container-core-buttons-is-layout-5 wp-block-buttons-is-layout-flex\">\n<div class=\"wp-block-button\"><a class=\"wp-block-button__link wp-element-button\" href=\"https:\/\/www.pppy.fi\/index.php\/aiemmat-tapahtumat\/\">Aiemmat tapahtumat<\/a><\/div>\n<\/div>\n\n\n\n<div style=\"height:100px\" aria-hidden=\"true\" class=\"wp-block-spacer\"><\/div>\n\n\n\n<h2 class=\"wp-block-heading has-text-align-center\">Tietoa meist\u00e4<\/h2>\n\n\n\n<div style=\"height:16px\" aria-hidden=\"true\" class=\"wp-block-spacer\"><\/div>\n\n\n<div class=\"wp-block-image\">\n<figure class=\"alignright size-large is-resized\"><a href=\"http:\/\/www.pppy.fi\/wp-content\/uploads\/2021\/05\/cropped-Avainkuva_-Kenraali-Aaro-Pajari-muotokuva-.jpg\"><img loading=\"lazy\" decoding=\"async\" width=\"707\" height=\"1024\" src=\"http:\/\/www.pppy.fi\/wp-content\/uploads\/2021\/05\/cropped-Avainkuva_-Kenraali-Aaro-Pajari-muotokuva--707x1024.jpg\" alt=\"\" class=\"wp-image-50\" style=\"width:275px;height:399px\" srcset=\"https:\/\/www.pppy.fi\/wp-content\/uploads\/2021\/05\/cropped-Avainkuva_-Kenraali-Aaro-Pajari-muotokuva--707x1024.jpg 707w, https:\/\/www.pppy.fi\/wp-content\/uploads\/2021\/05\/cropped-Avainkuva_-Kenraali-Aaro-Pajari-muotokuva--207x300.jpg 207w, https:\/\/www.pppy.fi\/wp-content\/uploads\/2021\/05\/cropped-Avainkuva_-Kenraali-Aaro-Pajari-muotokuva--768x1112.jpg 768w, https:\/\/www.pppy.fi\/wp-content\/uploads\/2021\/05\/cropped-Avainkuva_-Kenraali-Aaro-Pajari-muotokuva-.jpg 1027w\" sizes=\"auto, (max-width: 707px) 100vw, 707px\" \/><\/a><\/figure><\/div>\n\n\n<p>Yhdistys on perustettu 1.8.2006 ja kotipaikka on Kangasala.<\/p>\n\n\n\n<p>Toiminta-alueena Pirkanmaan maakunta tarkoittaen sit\u00e4 aluetta, mik\u00e4 muodosti Pohjois-H\u00e4meen sotilaspiirin vuonna 1939.<\/p>\n\n\n\n<p>Tarkoituksena on ker\u00e4t\u00e4, tutkia ja tallentaa pohjoish\u00e4m\u00e4l\u00e4ist\u00e4 sota- ja suojeluskuntahistoriaa, siirt\u00e4\u00e4 sit\u00e4 ja perinnett\u00e4 tuleville sukupolville; pit\u00e4\u00e4 siihen liittyvi\u00e4 esitelm\u00e4tilaisuuksia sek\u00e4 j\u00e4rjest\u00e4\u00e4 sotahistoriallisia matkoja.<\/p>\n\n\n\n<p>Tarkoituksensa toteuttamiseksi yhdistys voi toimittaa ja julkaista painotuotteita sek\u00e4 j\u00e4rjest\u00e4\u00e4 juhla-, kokous-, esitelm\u00e4-, keskustelu-, retkeily-, tutustumis- ja muita samantapaisia tilaisuuksia. Yhdistys voi toimintansa tukemiseksi j\u00e4rjest\u00e4\u00e4 sotahistoriallisia ja muita matkoja ja asianomaisen luvan saatuaan hankkia varoja j\u00e4rjest\u00e4m\u00e4ll\u00e4 ker\u00e4yksi\u00e4 ja maksullisia juhlatilaisuuksia.<\/p>\n\n\n\n<p>Yhdistyksen j\u00e4seniksi voivat liitty\u00e4 kenraalimajuri Aaro Olavi Pajarin joukoissa taistelleet miehet sek\u00e4 lotat ja heid\u00e4n perillisens\u00e4 sek\u00e4 Suomen sotahistoriasta kiinnostuneet henkil\u00f6t.<\/p>\n\n\n\n<p>Yhdistyksen j\u00e4senm\u00e4\u00e4r\u00e4 vuoden 2020 p\u00e4\u00e4ttyess\u00e4 oli 183.<\/p>\n\n\n\n<p><\/p>\n\n\n\n<h2 class=\"wp-block-heading has-text-align-center\">Yhteystiedot<\/h2>\n\n\n\n<hr class=\"wp-block-separator has-alpha-channel-opacity\"\/>\n\n\n\n<div style=\"height:4px\" aria-hidden=\"true\" class=\"wp-block-spacer\"><\/div>\n\n\n\n<figure class=\"wp-block-table is-style-regular\"><table class=\"has-fixed-layout\" style=\"border-style:none;border-width:0px\"><thead><tr><th><strong>Puheenjohtaja<\/strong><\/th><th><strong>Sihteeri<\/strong><\/th><th><strong>Hallituksen j\u00e4senet<\/strong><\/th><\/tr><\/thead><tbody><tr><td>Kalervo Sipi<\/td><td>Helena Turpeinen<\/td><td>Jarmo Talasrinne<\/td><\/tr><tr><td>kalesipi@tpnet.fi<\/td><td>turpeinen@kolumbus.fi<\/td><td>Tuomo Juntunen<\/td><\/tr><tr><td>040 545 9591<\/td><td>040 741 8314<\/td><td>Antti Keskinen<br><br>Harri Holm<\/td><\/tr><tr><td><\/td><td><\/td><td><\/td><\/tr><tr><td><\/td><td><\/td><td><\/td><\/tr><\/tbody><\/table><\/figure>\n","protected":false},"excerpt":{"rendered":"<p>Viron ja Latvian vapaussodat Pajari-p\u00e4iv\u00e4 15.12.2025 Linnakesaarikierros10. &#8211; 12.6.2025 Matka Gotlantiin ja \u00d6\u00f6lantiin26.-31.5.2024 Tietoa meist\u00e4 Yhdistys on perustettu 1.8.2006 ja kotipaikka on Kangasala. Toiminta-alueena Pirkanmaan maakunta tarkoittaen sit\u00e4 aluetta, mik\u00e4 muodosti Pohjois-H\u00e4meen sotilaspiirin vuonna 1939. Tarkoituksena on ker\u00e4t\u00e4, tutkia ja tallentaa pohjoish\u00e4m\u00e4l\u00e4ist\u00e4 sota- ja suojeluskuntahistoriaa, siirt\u00e4\u00e4 sit\u00e4 ja perinnett\u00e4 tuleville sukupolville; pit\u00e4\u00e4 siihen liittyvi\u00e4 esitelm\u00e4tilaisuuksia sek\u00e4 j\u00e4rjest\u00e4\u00e4 sotahistoriallisia matkoja. Tarkoituksensa toteuttamiseksi yhdistys voi toimittaa ja julkaista painotuotteita sek\u00e4 j\u00e4rjest\u00e4\u00e4 juhla-, kokous-, esitelm\u00e4-, keskustelu-, retkeily-, tutustumis-&hellip; <\/p>\n","protected":false},"author":1,"featured_media":0,"parent":0,"menu_order":0,"comment_status":"closed","ping_status":"closed","template":"","meta":{"footnotes":""},"class_list":["post-965","page","type-page","status-publish","hentry"],"_links":{"self":[{"href":"https:\/\/www.pppy.fi\/index.php\/wp-json\/wp\/v2\/pages\/965","targetHints":{"allow":["GET"]}}],"collection":[{"href":"https:\/\/www.pppy.fi\/index.php\/wp-json\/wp\/v2\/pages"}],"about":[{"href":"https:\/\/www.pppy.fi\/index.php\/wp-json\/wp\/v2\/types\/page"}],"author":[{"embeddable":true,"href":"https:\/\/www.pppy.fi\/index.php\/wp-json\/wp\/v2\/users\/1"}],"replies":[{"embeddable":true,"href":"https:\/\/www.pppy.fi\/index.php\/wp-json\/wp\/v2\/comments?post=965"}],"version-history":[{"count":61,"href":"https:\/\/www.pppy.fi\/index.php\/wp-json\/wp\/v2\/pages\/965\/revisions"}],"predecessor-version":[{"id":1807,"href":"https:\/\/www.pppy.fi\/index.php\/wp-json\/wp\/v2\/pages\/965\/revisions\/1807"}],"wp:attachment":[{"href":"https:\/\/www.pppy.fi\/index.php\/wp-json\/wp\/v2\/media?parent=965"}],"curies":[{"name":"wp","href":"https:\/\/api.w.org\/{rel}","templated":true}]}}