{"id":963,"date":"2023-03-13T08:09:40","date_gmt":"2023-03-13T08:09:40","guid":{"rendered":"https:\/\/www.pppy.fi\/?page_id=963"},"modified":"2026-04-03T07:50:03","modified_gmt":"2026-04-03T07:50:03","slug":"artikkelit","status":"publish","type":"page","link":"https:\/\/www.pppy.fi\/index.php\/artikkelit\/","title":{"rendered":"Toiminta"},"content":{"rendered":"\n<h2 class=\"wp-block-heading\">Kutsu vuosikokoukseen<\/h2>\n\n\n\n<p class=\"has-text-align-center\">Pajarin Poikien Perinneyhdistys ry:n vuosikokous pidet\u00e4\u00e4n maanantaina<br><strong>30.3.2026 klo 18.00<\/strong> henkil\u00f6st\u00f6ravintolassa \u201dMama no Bento\u201d,<br>Hatanp\u00e4\u00e4n puistokuja 22 G, Tampere.<br><br>Kokouksessa k\u00e4sitell\u00e4\u00e4n s\u00e4\u00e4nt\u00f6jen 12 \u00a7:n mukaiset asiat.<br><br>Kokouksen p\u00e4\u00e4tteeksi majuri Joni Pirinen pit\u00e4\u00e4 esitelm\u00e4n vuonna<br>2023 julkaisemastaan runoteoksesta otsikolla  \u201dTunnettu sotilas &#8211;<br>Mannerheim-ristin ritarit rytmitettyin\u00e4 tarinoina\u201d.<br><br>Toimintakertomus 2025 ja Toimintasuunnitelma 2026 l\u00e4hetet\u00e4\u00e4n<br>s\u00e4hk\u00f6postitse ennakkoon tutustuttavaksi hallituksen hyv\u00e4ksytty\u00e4 ne<br>kokouksessaan 17.3.<br><br>Ennen kokousta on mahdollisuus kahvitteluun klo 17.30 alkaen.<br><br>Tarjoilun j\u00e4rjest\u00e4miseksi ilmoittautumiset Helenalle pe 27.3.2026<br>menness\u00e4 (<a href=\"mailto:turpeinen@kolumbus.fi\" target=\"_blank\" rel=\"noreferrer noopener\">turpeinen@kolumbus.fi<\/a>).<br><br>Tervetuloa!&nbsp; &nbsp; Hallitus<\/p>\n\n\n\n<h2 class=\"wp-block-heading\">Kutsu Pajari-p\u00e4iv\u00e4 15.12.2025<\/h2>\n\n\n\n<figure class=\"wp-block-image size-large\"><a href=\"https:\/\/www.pppy.fi\/wp-content\/uploads\/2025\/11\/1.png\"><img loading=\"lazy\" decoding=\"async\" width=\"1024\" height=\"575\" src=\"https:\/\/www.pppy.fi\/wp-content\/uploads\/2025\/11\/1-1024x575.png\" alt=\"\" class=\"wp-image-1761\" srcset=\"https:\/\/www.pppy.fi\/wp-content\/uploads\/2025\/11\/1-1024x575.png 1024w, https:\/\/www.pppy.fi\/wp-content\/uploads\/2025\/11\/1-300x169.png 300w, https:\/\/www.pppy.fi\/wp-content\/uploads\/2025\/11\/1-768x432.png 768w, https:\/\/www.pppy.fi\/wp-content\/uploads\/2025\/11\/1.png 1324w\" sizes=\"auto, (max-width: 1024px) 100vw, 1024px\" \/><\/a><\/figure>\n\n\n\n<figure class=\"wp-block-image size-large\"><a href=\"https:\/\/www.pppy.fi\/wp-content\/uploads\/2025\/11\/2.png\"><img loading=\"lazy\" decoding=\"async\" width=\"1024\" height=\"578\" src=\"https:\/\/www.pppy.fi\/wp-content\/uploads\/2025\/11\/2-1024x578.png\" alt=\"\" class=\"wp-image-1760\" srcset=\"https:\/\/www.pppy.fi\/wp-content\/uploads\/2025\/11\/2-1024x578.png 1024w, https:\/\/www.pppy.fi\/wp-content\/uploads\/2025\/11\/2-300x169.png 300w, https:\/\/www.pppy.fi\/wp-content\/uploads\/2025\/11\/2-768x433.png 768w, https:\/\/www.pppy.fi\/wp-content\/uploads\/2025\/11\/2.png 1327w\" sizes=\"auto, (max-width: 1024px) 100vw, 1024px\" \/><\/a><\/figure>\n\n\n\n<h2 class=\"wp-block-heading\">J\u00e4senkirje 3 &#8211; 2025<\/h2>\n\n\n\n<p><strong>Suru-uutinen ja el\u00e4m\u00e4 jatkuu!<\/strong><\/p>\n\n\n\n<p><br>Meid\u00e4t tavoitti 7.4.2025 odottamaton suru-uutinen: Sotahistorian tuntijamme, pidetty<br>matkanj\u00e4rjest\u00e4j\u00e4mme ja pitk\u00e4aikainen hallituksen j\u00e4sen<strong> Erkki Eskelinen<\/strong> (14.3.1943 &#8211; 7.4.2025) oli<br>kuollut. Essen poismeno tuli meille kaikille t\u00e4yten\u00e4 yll\u00e4tyksen\u00e4!<\/p>\n\n\n\n<p><br>Essen kaunis siunaustilaisuus vietettiin 25.4. Forssan siunauskappelissa sotilaallisin menoin. Sain<br>seist\u00e4 kunniavartiossa sotalipun verhoamalla arkulla. Muistotilaisuudessa Seurakuntatalolla<br>Tuomo ja min\u00e4 kerroimme ajatuksiamme Essest\u00e4, Tuomon keskittyess\u00e4 l\u00e4hinn\u00e4 yhteisiin<br>matkoihimme ja min\u00e4 puhuin sotilasuramme yhtym\u00e4kohdista ja yhdistyksest\u00e4mme. Esse j\u00e4tti<br>j\u00e4lkeens\u00e4 ison aukon ja kaipauksen!<\/p>\n\n\n\n<p><br><strong>Mutta, el\u00e4m\u00e4 jatkuu!<\/strong><\/p>\n\n\n\n<p><br><strong>Vuosikokouksemme pidettiin ti 18.3.2025 Ravintolassa Mama no Bento<\/strong> (ent. Vaskit\u00e4hti). Sain<br>jatkopestin puheenjohtajana kuluvalle vuodelle. Hallituksen j\u00e4seniksi valittiin kaudelle 2025 -2026<br>erovuorossa ollut <strong>Jarmo Talasrinne<\/strong> jatkamaan ja uutena j\u00e4senen\u00e4 <strong>Harri Holm<\/strong>. Iiris Lehmuskentt\u00e4 luopui<br>terveystilanteeseensa vedoten vuonna 2019 alkaneesta hallituksen j\u00e4senyydest\u00e4. <strong>Kiitos Iirikselle ja<br>tervetuloa Harri! <\/strong>&#8211; J\u00e4senmaksuksi p\u00e4\u00e4tettiin 20,-. &#8211; Kokouksen lopuksi Tuomo piti mielenkiintoisen<br>esitelm\u00e4n otsikolla <strong>\u201dLankilan taistelu ja tapaus R\u00e4tt\u00f6\u201d.<\/strong><\/p>\n\n\n\n<p><br>Tuomon ja Essen suunnittelema ja kellottama <strong>Sotahistoria- ja kulttuurimatka \u201dLinnakesaarikierros\u201d<br>10.- 12.6.2025<\/strong> toteutuu. Kohteina ovat Kylm\u00e4pihlaja, Kuuskajaskari, Bengtsk\u00e4r ja Russar\u00f6. Mukaan<br>on l\u00e4hd\u00f6ss\u00e4 upeasti 40 hl\u00f6\u00e4.<\/p>\n\n\n\n<p><br>Pyyd\u00e4n maksamaan <strong>vuoden 2025 j\u00e4senmaksun 20,- yhdistyksen tilille FI83 5104 0020 1695 40.<\/strong> &#8211; Osa teist\u00e4<br>hoiti j\u00e4senmaksunsa jo vuosikokouksessa.<\/p>\n\n\n\n<p><br><strong>Hyv\u00e4\u00e4 kev\u00e4\u00e4n jatkoa!<br>Kale<\/strong><\/p>\n\n\n\n<div style=\"height:16px\" aria-hidden=\"true\" class=\"wp-block-spacer\"><\/div>\n\n\n\n<hr class=\"wp-block-separator has-alpha-channel-opacity\"\/>\n\n\n\n<h2 class=\"wp-block-heading has-text-align-center\"><a href=\"https:\/\/www.pppy.fi\/index.php\/toimintasuunnitelma-2026\/\">Toimintasuunitelma 2026<\/a><\/h2>\n\n\n\n<h2 class=\"wp-block-heading has-text-align-center\"><a href=\"https:\/\/www.pppy.fi\/index.php\/toimintakertomus-2024\/\">   <\/a><a href=\"https:\/\/www.pppy.fi\/index.php\/toimintakertomus-2025\/\">Toimintakertomus 2025<\/a><\/h2>\n\n\n\n<hr class=\"wp-block-separator has-alpha-channel-opacity\"\/>\n\n\n\n<h2 class=\"wp-block-heading has-text-align-center\"><a href=\"https:\/\/www.pppy.fi\/index.php\/aiempi-toiminta\/\" data-type=\"page\" data-id=\"1633\">Aiempi toiminta<\/a><\/h2>\n\n\n\n<p><\/p>\n","protected":false},"excerpt":{"rendered":"<p>Kutsu vuosikokoukseen Pajarin Poikien Perinneyhdistys ry:n vuosikokous pidet\u00e4\u00e4n maanantaina30.3.2026 klo 18.00 henkil\u00f6st\u00f6ravintolassa \u201dMama no Bento\u201d,Hatanp\u00e4\u00e4n puistokuja 22 G, Tampere. Kokouksessa k\u00e4sitell\u00e4\u00e4n s\u00e4\u00e4nt\u00f6jen 12 \u00a7:n mukaiset asiat. Kokouksen p\u00e4\u00e4tteeksi majuri Joni Pirinen pit\u00e4\u00e4 esitelm\u00e4n vuonna2023 julkaisemastaan runoteoksesta otsikolla \u201dTunnettu sotilas &#8211;Mannerheim-ristin ritarit rytmitettyin\u00e4 tarinoina\u201d. Toimintakertomus 2025 ja Toimintasuunnitelma 2026 l\u00e4hetet\u00e4\u00e4ns\u00e4hk\u00f6postitse ennakkoon tutustuttavaksi hallituksen hyv\u00e4ksytty\u00e4 nekokouksessaan 17.3. Ennen kokousta on mahdollisuus kahvitteluun klo 17.30 alkaen. Tarjoilun j\u00e4rjest\u00e4miseksi ilmoittautumiset Helenalle pe 27.3.2026menness\u00e4 (turpeinen@kolumbus.fi). Tervetuloa!&nbsp; &nbsp; Hallitus Kutsu Pajari-p\u00e4iv\u00e4&hellip; <\/p>\n","protected":false},"author":1,"featured_media":0,"parent":0,"menu_order":0,"comment_status":"closed","ping_status":"closed","template":"","meta":{"footnotes":""},"class_list":["post-963","page","type-page","status-publish","hentry"],"_links":{"self":[{"href":"https:\/\/www.pppy.fi\/index.php\/wp-json\/wp\/v2\/pages\/963","targetHints":{"allow":["GET"]}}],"collection":[{"href":"https:\/\/www.pppy.fi\/index.php\/wp-json\/wp\/v2\/pages"}],"about":[{"href":"https:\/\/www.pppy.fi\/index.php\/wp-json\/wp\/v2\/types\/page"}],"author":[{"embeddable":true,"href":"https:\/\/www.pppy.fi\/index.php\/wp-json\/wp\/v2\/users\/1"}],"replies":[{"embeddable":true,"href":"https:\/\/www.pppy.fi\/index.php\/wp-json\/wp\/v2\/comments?post=963"}],"version-history":[{"count":39,"href":"https:\/\/www.pppy.fi\/index.php\/wp-json\/wp\/v2\/pages\/963\/revisions"}],"predecessor-version":[{"id":1823,"href":"https:\/\/www.pppy.fi\/index.php\/wp-json\/wp\/v2\/pages\/963\/revisions\/1823"}],"wp:attachment":[{"href":"https:\/\/www.pppy.fi\/index.php\/wp-json\/wp\/v2\/media?parent=963"}],"curies":[{"name":"wp","href":"https:\/\/api.w.org\/{rel}","templated":true}]}}