{"id":9,"date":"2021-05-07T08:58:07","date_gmt":"2021-05-07T08:58:07","guid":{"rendered":"http:\/\/www.pppy.fi\/?page_id=9"},"modified":"2025-06-02T17:00:00","modified_gmt":"2025-06-02T17:00:00","slug":"etusivu","status":"publish","type":"page","link":"https:\/\/www.pppy.fi\/","title":{"rendered":""},"content":{"rendered":"\n<figure class=\"wp-block-image alignwide size-full etusivu-kuva\"><img loading=\"lazy\" decoding=\"async\" width=\"842\" height=\"552\" src=\"http:\/\/www.pppy.fi\/wp-content\/uploads\/2023\/03\/etusivu_marssi_kuva.jpg\" alt=\"\" class=\"wp-image-1213\" srcset=\"https:\/\/www.pppy.fi\/wp-content\/uploads\/2023\/03\/etusivu_marssi_kuva.jpg 842w, https:\/\/www.pppy.fi\/wp-content\/uploads\/2023\/03\/etusivu_marssi_kuva-300x197.jpg 300w, https:\/\/www.pppy.fi\/wp-content\/uploads\/2023\/03\/etusivu_marssi_kuva-768x503.jpg 768w\" sizes=\"auto, (max-width: 842px) 100vw, 842px\" \/><\/figure>\n\n\n\n<div class=\"wp-block-group\"><div class=\"wp-block-group__inner-container is-layout-constrained wp-block-group-is-layout-constrained\">\n<p class=\"has-text-align-left\"><\/p>\n\n\n\n<div style=\"height:48px\" aria-hidden=\"true\" class=\"wp-block-spacer\"><\/div>\n<\/div><\/div>\n\n\n\n<figure class=\"wp-block-gallery has-nested-images columns-4 is-cropped wp-block-gallery-1 is-layout-flex wp-block-gallery-is-layout-flex\">\n<figure class=\"wp-block-image size-large\"><a href=\"https:\/\/www.pppy.fi\/index.php\/tietoa-meista\/\"><img loading=\"lazy\" decoding=\"async\" width=\"1008\" height=\"1024\" data-id=\"197\" src=\"http:\/\/www.pppy.fi\/wp-content\/uploads\/2021\/06\/Kenraalimajuri-A.O.Pajari-tyopoytansa-aaressa.-Terijoki-1943.05.09-1008x1024.jpg\" alt=\"\" class=\"wp-image-197\" srcset=\"https:\/\/www.pppy.fi\/wp-content\/uploads\/2021\/06\/Kenraalimajuri-A.O.Pajari-tyopoytansa-aaressa.-Terijoki-1943.05.09-1008x1024.jpg 1008w, https:\/\/www.pppy.fi\/wp-content\/uploads\/2021\/06\/Kenraalimajuri-A.O.Pajari-tyopoytansa-aaressa.-Terijoki-1943.05.09-295x300.jpg 295w, https:\/\/www.pppy.fi\/wp-content\/uploads\/2021\/06\/Kenraalimajuri-A.O.Pajari-tyopoytansa-aaressa.-Terijoki-1943.05.09-768x780.jpg 768w, https:\/\/www.pppy.fi\/wp-content\/uploads\/2021\/06\/Kenraalimajuri-A.O.Pajari-tyopoytansa-aaressa.-Terijoki-1943.05.09-1512x1536.jpg 1512w, https:\/\/www.pppy.fi\/wp-content\/uploads\/2021\/06\/Kenraalimajuri-A.O.Pajari-tyopoytansa-aaressa.-Terijoki-1943.05.09-2017x2048.jpg 2017w\" sizes=\"auto, (max-width: 1008px) 100vw, 1008px\" \/><\/a><\/figure>\n\n\n\n<figure class=\"wp-block-image size-large\"><a href=\"https:\/\/www.pppy.fi\/index.php\/artikkelit\/\"><img loading=\"lazy\" decoding=\"async\" width=\"905\" height=\"632\" data-id=\"99\" src=\"https:\/\/www.pppy.fi\/wp-content\/uploads\/2021\/05\/Jampelle-11.jpg\" alt=\"\" class=\"wp-image-99\" srcset=\"https:\/\/www.pppy.fi\/wp-content\/uploads\/2021\/05\/Jampelle-11.jpg 905w, https:\/\/www.pppy.fi\/wp-content\/uploads\/2021\/05\/Jampelle-11-300x210.jpg 300w, https:\/\/www.pppy.fi\/wp-content\/uploads\/2021\/05\/Jampelle-11-768x536.jpg 768w\" sizes=\"auto, (max-width: 905px) 100vw, 905px\" \/><\/a><\/figure>\n\n\n\n<figure class=\"wp-block-image size-large\"><a href=\"https:\/\/www.pppy.fi\/index.php\/tapahtumat\/\"><img loading=\"lazy\" decoding=\"async\" width=\"1024\" height=\"685\" data-id=\"189\" src=\"https:\/\/www.pppy.fi\/wp-content\/uploads\/2021\/06\/Eversti-Pajari-tarkastaa-JR-49-ja-ottaa-vastaan-ohimarssin.-1024x685.jpg\" alt=\"\" class=\"wp-image-189\" srcset=\"https:\/\/www.pppy.fi\/wp-content\/uploads\/2021\/06\/Eversti-Pajari-tarkastaa-JR-49-ja-ottaa-vastaan-ohimarssin.-1024x685.jpg 1024w, https:\/\/www.pppy.fi\/wp-content\/uploads\/2021\/06\/Eversti-Pajari-tarkastaa-JR-49-ja-ottaa-vastaan-ohimarssin.-300x201.jpg 300w, https:\/\/www.pppy.fi\/wp-content\/uploads\/2021\/06\/Eversti-Pajari-tarkastaa-JR-49-ja-ottaa-vastaan-ohimarssin.-768x514.jpg 768w, https:\/\/www.pppy.fi\/wp-content\/uploads\/2021\/06\/Eversti-Pajari-tarkastaa-JR-49-ja-ottaa-vastaan-ohimarssin.-1536x1028.jpg 1536w, https:\/\/www.pppy.fi\/wp-content\/uploads\/2021\/06\/Eversti-Pajari-tarkastaa-JR-49-ja-ottaa-vastaan-ohimarssin.-2048x1370.jpg 2048w\" sizes=\"auto, (max-width: 1024px) 100vw, 1024px\" \/><\/a><\/figure>\n\n\n\n<figure class=\"wp-block-image size-large\"><a href=\"https:\/\/www.pppy.fi\/index.php\/kuvagalleria\/\"><img loading=\"lazy\" decoding=\"async\" width=\"793\" height=\"537\" data-id=\"97\" src=\"https:\/\/www.pppy.fi\/wp-content\/uploads\/2021\/05\/Jampelle-22.png\" alt=\"\" class=\"wp-image-97\" srcset=\"https:\/\/www.pppy.fi\/wp-content\/uploads\/2021\/05\/Jampelle-22.png 793w, https:\/\/www.pppy.fi\/wp-content\/uploads\/2021\/05\/Jampelle-22-300x203.png 300w, https:\/\/www.pppy.fi\/wp-content\/uploads\/2021\/05\/Jampelle-22-768x520.png 768w\" sizes=\"auto, (max-width: 793px) 100vw, 793px\" \/><\/a><\/figure>\n<\/figure>\n\n\n\n<div class=\"wp-block-columns is-layout-flex wp-container-core-columns-is-layout-1 wp-block-columns-is-layout-flex\">\n<div class=\"wp-block-column is-layout-flow wp-block-column-is-layout-flow\">\n<div class=\"wp-block-buttons is-layout-flex wp-block-buttons-is-layout-flex\">\n<div class=\"wp-block-button aligncenter\"><a class=\"wp-block-button__link wp-element-button\" href=\"https:\/\/www.pppy.fi\/index.php\/tietoa-meista\/\">Tietoa meist\u00e4<\/a><\/div>\n<\/div>\n<\/div>\n\n\n\n<div class=\"wp-block-column is-layout-flow wp-block-column-is-layout-flow\">\n<div class=\"wp-block-buttons is-layout-flex wp-block-buttons-is-layout-flex\">\n<div class=\"wp-block-button aligncenter\"><a class=\"wp-block-button__link wp-element-button\" href=\"https:\/\/www.pppy.fi\/index.php\/artikkelit\/\">Toiminta<\/a><\/div>\n<\/div>\n<\/div>\n\n\n\n<div class=\"wp-block-column is-layout-flow wp-block-column-is-layout-flow\">\n<div class=\"wp-block-buttons is-layout-flex wp-block-buttons-is-layout-flex\">\n<div class=\"wp-block-button aligncenter\"><a class=\"wp-block-button__link wp-element-button\" href=\"https:\/\/www.pppy.fi\/index.php\/tapahtumat\/\">Tapahtumat<\/a><\/div>\n<\/div>\n<\/div>\n\n\n\n<div class=\"wp-block-column is-layout-flow wp-block-column-is-layout-flow\">\n<div class=\"wp-block-buttons is-layout-flex wp-block-buttons-is-layout-flex\">\n<div class=\"wp-block-button aligncenter\"><a class=\"wp-block-button__link wp-element-button\" href=\"https:\/\/www.pppy.fi\/index.php\/kuvagalleria\/\">Galleria<\/a><\/div>\n<\/div>\n<\/div>\n<\/div>\n\n\n\n<div style=\"height:23px\" aria-hidden=\"true\" class=\"wp-block-spacer\"><\/div>\n\n\n\n<hr class=\"wp-block-separator has-alpha-channel-opacity is-style-wide\"\/>\n\n\n\n<div style=\"height:33px\" aria-hidden=\"true\" class=\"wp-block-spacer\"><\/div>\n\n\n\n<h2 class=\"wp-block-heading has-text-align-center\">Yhteystiedot<\/h2>\n\n\n\n<div style=\"height:24px\" aria-hidden=\"true\" class=\"wp-block-spacer\"><\/div>\n\n\n\n<figure class=\"wp-block-table aligncenter is-style-regular\"><table class=\"has-fixed-layout\" style=\"border-style:none;border-width:0px\"><thead><tr><th><\/th><th class=\"has-text-align-center\" data-align=\"center\"><strong>Puheenjohtaja<\/strong><\/th><th class=\"has-text-align-center\" data-align=\"center\"><strong>Sihteeri<\/strong><\/th><th class=\"has-text-align-center\" data-align=\"center\"><strong>Hallituksen j\u00e4senet<\/strong><\/th><th><\/th><\/tr><\/thead><tbody><tr><td><\/td><td class=\"has-text-align-center\" data-align=\"center\">Kalervo Sipi<\/td><td class=\"has-text-align-center\" data-align=\"center\">Helena Turpeinen<\/td><td class=\"has-text-align-center\" data-align=\"center\">Jarmo Talasrinne<\/td><td><\/td><\/tr><tr><td><\/td><td class=\"has-text-align-center\" data-align=\"center\">kalesipi@tpnet.fi<\/td><td class=\"has-text-align-center\" data-align=\"center\">turpeinen@kolumbus.fi<\/td><td class=\"has-text-align-center\" data-align=\"center\">Tuomo Juntunen<\/td><td><\/td><\/tr><tr><td><\/td><td class=\"has-text-align-center\" data-align=\"center\">040 545 9591<\/td><td class=\"has-text-align-center\" data-align=\"center\">040 741 8314<\/td><td class=\"has-text-align-center\" data-align=\"center\">Antti Keskinen<br><br>Harri Holm<\/td><td><\/td><\/tr><tr><td><\/td><td class=\"has-text-align-center\" data-align=\"center\"><\/td><td class=\"has-text-align-center\" data-align=\"center\"><\/td><td class=\"has-text-align-center\" data-align=\"center\"><\/td><td><\/td><\/tr><tr><td><\/td><td class=\"has-text-align-center\" data-align=\"center\"><\/td><td class=\"has-text-align-center\" data-align=\"center\"><\/td><td class=\"has-text-align-center\" data-align=\"center\"><\/td><td><\/td><\/tr><\/tbody><\/table><\/figure>\n\n\n\n<div class=\"wp-block-file aligncenter\"><a id=\"wp-block-file--media-b6632f46-16de-40cb-96fd-067175938ad7\" href=\"http:\/\/www.pppy.fi\/wp-content\/uploads\/2021\/11\/TietosuojaselosteEEs.docx\">Tietosuojaseloste<\/a><a href=\"http:\/\/www.pppy.fi\/wp-content\/uploads\/2021\/11\/TietosuojaselosteEEs.docx\" class=\"wp-block-file__button wp-element-button\" download aria-describedby=\"wp-block-file--media-b6632f46-16de-40cb-96fd-067175938ad7\">Lataa<\/a><\/div>\n\n\n\n<div style=\"height:18px\" aria-hidden=\"true\" class=\"wp-block-spacer\"><\/div>\n\n\n\n<center><figure class=\"wp-block-embed aligncenter is-type-video is-provider-youtube wp-block-embed-youtube wp-embed-aspect-16-9 wp-has-aspect-ratio\"><div class=\"wp-block-embed__wrapper\">\n<iframe loading=\"lazy\" title=\"Pajari Asikkalassa  ja Vapaussodassa  esitelma\u0308 2023\" width=\"640\" height=\"360\" src=\"https:\/\/www.youtube.com\/embed\/eOA8zverWuA?start=5&#038;feature=oembed\" frameborder=\"0\" allow=\"accelerometer; autoplay; clipboard-write; encrypted-media; gyroscope; picture-in-picture; web-share\" referrerpolicy=\"strict-origin-when-cross-origin\" allowfullscreen><\/iframe>\n<\/div><\/figure><\/center>\n\n\n\n<hr class=\"wp-block-separator has-alpha-channel-opacity is-style-wide\"\/>\n","protected":false},"excerpt":{"rendered":"<p>Kahden peruutetun tilaisuuden j\u00e4lkeen pystyttiin Tampereella taas j\u00e4rjest\u00e4m\u00e4\u00e4n 12.12.2022 Kalevan lukiolla perinteinen talvisodan Tolvaj\u00e4rven taistelujen muistoksi vietett\u00e4v\u00e4 Pajari-p\u00e4iv\u00e4. Tapahtuman j\u00e4rjest\u00e4jin\u00e4 olivat Pajarin Poikien Perinneyhdistys (PPPY) ja Pirkanmaan aluetoimisto. Ensimm\u00e4ist\u00e4 kertaa juhla oli my\u00f6s Maanpuolustuskoulutusyhdistys MPK H\u00e4meen maanpuolustuspiirin vuosip\u00e4iv\u00e4.  <\/p>\n","protected":false},"author":1,"featured_media":0,"parent":0,"menu_order":0,"comment_status":"closed","ping_status":"closed","template":"","meta":{"footnotes":""},"class_list":["post-9","page","type-page","status-publish","hentry"],"_links":{"self":[{"href":"https:\/\/www.pppy.fi\/index.php\/wp-json\/wp\/v2\/pages\/9","targetHints":{"allow":["GET"]}}],"collection":[{"href":"https:\/\/www.pppy.fi\/index.php\/wp-json\/wp\/v2\/pages"}],"about":[{"href":"https:\/\/www.pppy.fi\/index.php\/wp-json\/wp\/v2\/types\/page"}],"author":[{"embeddable":true,"href":"https:\/\/www.pppy.fi\/index.php\/wp-json\/wp\/v2\/users\/1"}],"replies":[{"embeddable":true,"href":"https:\/\/www.pppy.fi\/index.php\/wp-json\/wp\/v2\/comments?post=9"}],"version-history":[{"count":282,"href":"https:\/\/www.pppy.fi\/index.php\/wp-json\/wp\/v2\/pages\/9\/revisions"}],"predecessor-version":[{"id":1727,"href":"https:\/\/www.pppy.fi\/index.php\/wp-json\/wp\/v2\/pages\/9\/revisions\/1727"}],"wp:attachment":[{"href":"https:\/\/www.pppy.fi\/index.php\/wp-json\/wp\/v2\/media?parent=9"}],"curies":[{"name":"wp","href":"https:\/\/api.w.org\/{rel}","templated":true}]}}