{"id":216,"date":"2021-06-26T18:42:37","date_gmt":"2021-06-26T18:42:37","guid":{"rendered":"https:\/\/www.pppy.fi\/?p=216"},"modified":"2023-03-14T07:43:20","modified_gmt":"2023-03-14T07:43:20","slug":"toimintasuunnitelma-2022","status":"publish","type":"page","link":"https:\/\/www.pppy.fi\/index.php\/toimintasuunnitelma-2022\/","title":{"rendered":"Toimintasuunnitelma 2022"},"content":{"rendered":"\n<p>Yhdistyksen tarkoituksena on edist\u00e4\u00e4 sotahistorian tuntemusta ja harrastusta. Tarkoituksensa toteuttamiseksi yhdistys harjoittaa sotahistoriallista tutkimustoimintaa sek\u00e4 taltiointia. Yhdistys pit\u00e4\u00e4 em liittyvi\u00e4 esitelm\u00e4tilaisuuksia ja j\u00e4rjest\u00e4\u00e4 sotahistoriallisia matkoja.<\/p>\n\n\n\n<p><strong>Vuoden 2022 tilaisuudet (vast) j\u00e4rjestet\u00e4\u00e4n noudattaen vastuullisesti koronapandemian aiheuttamia rajoituksia.<\/strong><\/p>\n\n\n\n<p><strong>Vuoden 2022 yleisteemat<\/strong><\/p>\n\n\n\n<ul class=\"wp-block-list\">\n<li>jatketaan Pajari-kokoelman tutkimista Kansallisarkistossa, Tietopankki-projektia pohjoish\u00e4m\u00e4l\u00e4isten sotatiest\u00e4 ja Pajarin joukkojen taistelupaikkojen dokumentointia<\/li>\n\n\n\n<li>jatketaan sotaveteraanien ja heid\u00e4n j\u00e4lkel\u00e4istens\u00e4 haastatteluja<\/li>\n\n\n\n<li>j\u00e4rjestet\u00e4\u00e4n matkoja ja osallistutaan muiden yhdistysten sotahistoriallisiin matkoihin<\/li>\n\n\n\n<li>luennoidaan Pajari-aiheista kutsujen mukaan<\/li>\n\n\n\n<li>jatketaan yhteistoimintaa Pirkanmaan Aluetoimiston, MPK H\u00e4meen maanpuolustus-piirin ja maakuntakomppanioiden kanssa<\/li>\n\n\n\n<li>osallistutaan veteraaniperinteen tulevaisuuden alueelliseen j\u00e4rjestelyyn<\/li>\n<\/ul>\n\n\n\n<p><strong>Omaa toimintaa<\/strong><\/p>\n\n\n\n<ul class=\"wp-block-list\">\n<li><strong>Vuosikokous ke 6.4.2022 klo 18.00, Vaskit\u00e4hti<\/strong><\/li>\n\n\n\n<li><strong>Sotahistoria- ja kulttuurimatka<\/strong> <strong>Viroon to 26.5. &#8211; su 29.5.2022<\/strong><\/li>\n\n\n\n<li><strong>28.6. &#8211; 31.7. \u201dKenraali Aaro Pajari 125 v\u201d -n\u00e4yttely Kangasala-talossa<\/strong><\/li>\n\n\n\n<li><strong>su 17.7.2022 &#8211; 125 v Pajarin syntym\u00e4st\u00e4 <\/strong>&#8211; <strong>klo 12.12<\/strong> seppeleen lasku Kalevankankaalla<\/li>\n\n\n\n<li>\u201d<strong>80 vuotta Jatkosodan syttymisest\u00e4\u201d<\/strong>\n<ul class=\"wp-block-list\">\n<li><strong>esitelm\u00e4kierros<\/strong> em aiheesta JR 27:n rekrytointialueelle <strong>syksyll\u00e4<\/strong><\/li>\n<\/ul>\n<\/li>\n\n\n\n<li><strong>Kerhoilta loka-marraskuussa &#8211;<\/strong> <strong>Vaskit\u00e4hti<\/strong><\/li>\n\n\n\n<li><strong>Pajari-p\u00e4iv\u00e4n tilaisuudet ma 12.12.2022<\/strong> &#8211; <strong>klo 16.30<\/strong> kunniak\u00e4ynti Sankariristill\u00e4 ja A.O. Pajarin haudalla, <strong>klo 17.30<\/strong> P\u00e4\u00e4juhla Kalevan lukiolla<\/li>\n<\/ul>\n\n\n\n<p><strong>Osallistutaan <\/strong>muiden vuonna 2022 j\u00e4rjest\u00e4miin tilaisuuksiin ja tapahtumiin &#8211; erikseen sopien PPPY:n kantolipun kanssa:<\/p>\n\n\n\n<ul class=\"wp-block-list\">\n<li><strong>su 30.1. klo 18.00<\/strong> &#8211; Tammisunnuntain kirkkojuhla Tuomiokirkossa &#8211; <strong>peruutettu<\/strong><\/li>\n\n\n\n<li><strong>ma 31.1. klo 14.00<\/strong> &#8211; kunniak\u00e4ynti Suinulan muistomerkill\u00e4<\/li>\n\n\n\n<li><strong>to 24.2. klo 17 <\/strong>&#8211; kunniak\u00e4ynti Viron vapaussodassa kaatuneitten suomalaisten muistokivell\u00e4 Kalevankankaalla<\/li>\n\n\n\n<li><strong>su 13.3. klo 11.00<\/strong> &#8211; Talvisodan p\u00e4\u00e4ttymisen kunniak\u00e4ynti Kalevankankaalla<\/li>\n\n\n\n<li><strong>ke 6.4. klo 12.00<\/strong> &#8211; Tampereen valtauksen kunniak\u00e4ynti Kalevankankaalla<\/li>\n\n\n\n<li><strong>su 15.5.<\/strong> &#8211; Kaatuneitten muistop\u00e4iv\u00e4n kunniak\u00e4ynnit Kalevankankaalla ja Suinulassa<\/li>\n\n\n\n<li><strong>ma 16.5.<\/strong> &#8211; Vapaussodan p\u00e4\u00e4ttymisen vuosip\u00e4iv\u00e4n kunniak\u00e4ynti Vapaudenpatsaalla H\u00e4meenpuistossa<\/li>\n\n\n\n<li><strong>21. &#8211; 22.5.<\/strong> &#8211; Vapaussodan Perinneliiton Kes\u00e4p\u00e4iv\u00e4t &#8211; la 21.5. liittokokous Sokos Hotel Lakeudessa sek\u00e4 su 22.5. messu ja p\u00e4\u00e4juhla Lakeuden Ristin kirkossa<\/li>\n\n\n\n<li><a><\/a><strong>la 4.6.<\/strong> &#8211; <strong>klo 12.00 <\/strong>Puolustusvoimien lippujuhlap\u00e4iv\u00e4n tilaisuus Kalevankankaalla ja <strong>klo 18.00<\/strong> kunniak\u00e4ynti Mannerheimin patsaalla Vehmaisissa<\/li>\n\n\n\n<li><strong>to 13.10. klo 18.00<\/strong> &#8211; Talvisodan YH-p\u00e4iv\u00e4n juhla Kalevan lukiolla<\/li>\n\n\n\n<li><strong>ti 6.12.<\/strong> &#8211; Itsen\u00e4isyysp\u00e4iv\u00e4n juhlallisuudet<\/li>\n<\/ul>\n\n\n\n<p><strong>Muiden yhdistysten sotahistoriaesitelmist\u00e4 ja -matkoista ilmoitetaan s\u00e4hk\u00f6postitse.<\/strong><\/p>\n","protected":false},"excerpt":{"rendered":"<p>Yhdistyksen tarkoituksena on edist\u00e4\u00e4 sotahistorian tuntemusta ja harrastusta. Tarkoituksensa toteuttamiseksi yhdistys harjoittaa sotahistoriallista tutkimustoimintaa sek\u00e4 taltiointia. Yhdistys pit\u00e4\u00e4 em liittyvi\u00e4 esitelm\u00e4tilaisuuksia ja j\u00e4rjest\u00e4\u00e4 sotahistoriallisia matkoja. Vuoden 2022 tilaisuudet (vast) j\u00e4rjestet\u00e4\u00e4n noudattaen vastuullisesti koronapandemian aiheuttamia rajoituksia. Vuoden 2022 yleisteemat Omaa toimintaa Osallistutaan muiden vuonna 2022 j\u00e4rjest\u00e4miin tilaisuuksiin ja tapahtumiin &#8211; erikseen sopien PPPY:n kantolipun kanssa: Muiden yhdistysten sotahistoriaesitelmist\u00e4 ja -matkoista ilmoitetaan s\u00e4hk\u00f6postitse.<\/p>\n","protected":false},"author":1,"featured_media":0,"parent":0,"menu_order":0,"comment_status":"closed","ping_status":"closed","template":"","meta":{"footnotes":""},"class_list":["post-216","page","type-page","status-publish","hentry"],"_links":{"self":[{"href":"https:\/\/www.pppy.fi\/index.php\/wp-json\/wp\/v2\/pages\/216","targetHints":{"allow":["GET"]}}],"collection":[{"href":"https:\/\/www.pppy.fi\/index.php\/wp-json\/wp\/v2\/pages"}],"about":[{"href":"https:\/\/www.pppy.fi\/index.php\/wp-json\/wp\/v2\/types\/page"}],"author":[{"embeddable":true,"href":"https:\/\/www.pppy.fi\/index.php\/wp-json\/wp\/v2\/users\/1"}],"replies":[{"embeddable":true,"href":"https:\/\/www.pppy.fi\/index.php\/wp-json\/wp\/v2\/comments?post=216"}],"version-history":[{"count":3,"href":"https:\/\/www.pppy.fi\/index.php\/wp-json\/wp\/v2\/pages\/216\/revisions"}],"predecessor-version":[{"id":1038,"href":"https:\/\/www.pppy.fi\/index.php\/wp-json\/wp\/v2\/pages\/216\/revisions\/1038"}],"wp:attachment":[{"href":"https:\/\/www.pppy.fi\/index.php\/wp-json\/wp\/v2\/media?parent=216"}],"curies":[{"name":"wp","href":"https:\/\/api.w.org\/{rel}","templated":true}]}}