{"id":1820,"date":"2026-04-03T07:49:53","date_gmt":"2026-04-03T07:49:53","guid":{"rendered":"https:\/\/www.pppy.fi\/?page_id=1820"},"modified":"2026-04-03T07:49:54","modified_gmt":"2026-04-03T07:49:54","slug":"toimintasuunnitelma-2026","status":"publish","type":"page","link":"https:\/\/www.pppy.fi\/index.php\/toimintasuunnitelma-2026\/","title":{"rendered":"Toimintasuunnitelma 2026"},"content":{"rendered":"\n<p>Yhdistyksen tarkoituksena on edist\u00e4\u00e4 sotahistorian tuntemusta ja harrastusta. Tarkoituksensa<br>toteuttamiseksi yhdistys harjoittaa sotahistoriallista tutkimustoimintaa sek\u00e4 taltiointia. Yhdistys<br>pit\u00e4\u00e4 em liittyvi\u00e4 esitelm\u00e4tilaisuuksia ja j\u00e4rjest\u00e4\u00e4 sotahistoriallisia matkoja.<\/p>\n\n\n\n<p><strong>Vuoden 2026 yleisteemat<\/strong><\/p>\n\n\n\n<ul class=\"wp-block-list\">\n<li>otetaan vuoden 2026 toiminnassa huomioon yhdistyksen saavuttama 20 vuoden ik\u00e4<\/li>\n\n\n\n<li>jatketaan Pajari-kokoelman tutkimista Kansallisarkistossa, Tietopankki-projektia pohjoish\u00e4m\u00e4l\u00e4isten sotatiest\u00e4 ja Pajarin joukkojen taistelupaikkojen dokumentointia<\/li>\n\n\n\n<li>j\u00e4rjestet\u00e4\u00e4n matkoja ja osallistutaan muiden yhdistysten sotahistoriallisiin matkoihin<\/li>\n\n\n\n<li>j\u00e4rjestet\u00e4\u00e4n tilanteen mukaan n\u00e4yttelyit\u00e4 ja luennoidaan pyynn\u00f6st\u00e4 Pajari-aiheista<\/li>\n\n\n\n<li>jatketaan yhteistoimintaa Pirkanmaan Aluetoimiston, MPK H\u00e4meen maanpuolustus-piirin ja maakuntakomppanioiden kanssa<\/li>\n\n\n\n<li>osallistutaan perustajaj\u00e4senen\u00e4 Tammenlehv\u00e4n Pirkanmaan Perinneyhdistys ry:n toimintaan<\/li>\n<\/ul>\n\n\n\n<p><strong>Omaa toimintaa<\/strong><\/p>\n\n\n\n<ul class=\"wp-block-list\">\n<li>Talviretki 19. &#8211; 22.2.2026 Viroon ja Latviaan &#8211; yt VAPETAS<\/li>\n\n\n\n<li>Vuosikokous ma 30.3.2026 klo 18.00, Mama no Bento<\/li>\n\n\n\n<li>Kes\u00e4retki 14. &#8211; 16.8.2026 Rautj\u00e4rvelle ja Ilomantsiin<\/li>\n\n\n\n<li>Pajari-p\u00e4iv\u00e4n tilaisuudet ma 14.12.2026 &#8211; klo 16.30 kunniak\u00e4ynti Sankariristill\u00e4 ja A.O. Pajarin haudalla, klo 17.30 P\u00e4\u00e4juhla Kalevan lukiolla<\/li>\n<\/ul>\n\n\n\n<p><strong>Osallistutaan<\/strong> muiden vuonna 2026 j\u00e4rjest\u00e4miin tilaisuuksiin ja tapahtumiin &#8211; erikseen<br>sovittaessa PPPY:n kantolipun kanssa:<\/p>\n\n\n\n<ul class=\"wp-block-list\">\n<li>su 25.1. &#8211; Tammisunnuntain tilaisuudet<\/li>\n\n\n\n<li>la 31.1. klo 14.00 &#8211; kunniak\u00e4ynti Suinulan muistomerkill\u00e4<\/li>\n\n\n\n<li>ti 24.2. klo 17 &#8211; kunniak\u00e4ynti Viron vapaussodassa kaatuneitten suomalaisten muistokivell\u00e4 Kalevankankaalla<\/li>\n\n\n\n<li>pe 13.3. &#8211; Talvisodan p\u00e4\u00e4ttymisen kunniak\u00e4ynti Kalevankankaalla ja kirkkoilta<\/li>\n\n\n\n<li>ma 6.4. klo 12.00 &#8211; Tampereen valtauksen kunniak\u00e4ynti Kalevankankaalla<\/li>\n\n\n\n<li>pe 15.5. klo 10.00 &#8211; Vapaussodan p\u00e4\u00e4ttymisen vuosip\u00e4iv\u00e4n kunniak\u00e4ynti Vapaudenpatsaalla H\u00e4meenpuistossa<\/li>\n\n\n\n<li>la 16.5. &#8211; Vapaussodan Perinneliiton Kes\u00e4p\u00e4iv\u00e4, Sastamala<\/li>\n\n\n\n<li>su 17.5. &#8211; Kaatuneitten muistop\u00e4iv\u00e4n kunniak\u00e4ynnit Kalevankankaalla ja Suinulassa<\/li>\n\n\n\n<li>to 4.6. &#8211; klo 12.00 Puolustusvoimien lippujuhlap\u00e4iv\u00e4n tilaisuus Kalevankankaalla ja klo 18.00 kunniak\u00e4ynti Mannerheimin patsaalla Vehmaisissa<\/li>\n\n\n\n<li>to 8.10. klo 18.00 &#8211; Talvisodan YH-p\u00e4iv\u00e4n juhla Kalevan lukiolla<\/li>\n\n\n\n<li>su 6.12. &#8211; Itsen\u00e4isyysp\u00e4iv\u00e4n juhlallisuudet<\/li>\n<\/ul>\n\n\n\n<p><strong>Muiden yhdistysten sotahistoriaesitelmist\u00e4 ja -matkoista ilmoitetaan s\u00e4hk\u00f6postitse.<\/strong><\/p>\n\n\n\n<p><\/p>\n","protected":false},"excerpt":{"rendered":"<p>Yhdistyksen tarkoituksena on edist\u00e4\u00e4 sotahistorian tuntemusta ja harrastusta. Tarkoituksensatoteuttamiseksi yhdistys harjoittaa sotahistoriallista tutkimustoimintaa sek\u00e4 taltiointia. Yhdistyspit\u00e4\u00e4 em liittyvi\u00e4 esitelm\u00e4tilaisuuksia ja j\u00e4rjest\u00e4\u00e4 sotahistoriallisia matkoja. Vuoden 2026 yleisteemat Omaa toimintaa Osallistutaan muiden vuonna 2026 j\u00e4rjest\u00e4miin tilaisuuksiin ja tapahtumiin &#8211; erikseensovittaessa PPPY:n kantolipun kanssa: Muiden yhdistysten sotahistoriaesitelmist\u00e4 ja -matkoista ilmoitetaan s\u00e4hk\u00f6postitse.<\/p>\n","protected":false},"author":1,"featured_media":0,"parent":0,"menu_order":0,"comment_status":"closed","ping_status":"closed","template":"","meta":{"footnotes":""},"class_list":["post-1820","page","type-page","status-publish","hentry"],"_links":{"self":[{"href":"https:\/\/www.pppy.fi\/index.php\/wp-json\/wp\/v2\/pages\/1820","targetHints":{"allow":["GET"]}}],"collection":[{"href":"https:\/\/www.pppy.fi\/index.php\/wp-json\/wp\/v2\/pages"}],"about":[{"href":"https:\/\/www.pppy.fi\/index.php\/wp-json\/wp\/v2\/types\/page"}],"author":[{"embeddable":true,"href":"https:\/\/www.pppy.fi\/index.php\/wp-json\/wp\/v2\/users\/1"}],"replies":[{"embeddable":true,"href":"https:\/\/www.pppy.fi\/index.php\/wp-json\/wp\/v2\/comments?post=1820"}],"version-history":[{"count":1,"href":"https:\/\/www.pppy.fi\/index.php\/wp-json\/wp\/v2\/pages\/1820\/revisions"}],"predecessor-version":[{"id":1822,"href":"https:\/\/www.pppy.fi\/index.php\/wp-json\/wp\/v2\/pages\/1820\/revisions\/1822"}],"wp:attachment":[{"href":"https:\/\/www.pppy.fi\/index.php\/wp-json\/wp\/v2\/media?parent=1820"}],"curies":[{"name":"wp","href":"https:\/\/api.w.org\/{rel}","templated":true}]}}