{"id":1816,"date":"2026-04-03T07:44:03","date_gmt":"2026-04-03T07:44:03","guid":{"rendered":"https:\/\/www.pppy.fi\/?page_id=1816"},"modified":"2026-04-03T07:44:03","modified_gmt":"2026-04-03T07:44:03","slug":"toimintakertomus-2025","status":"publish","type":"page","link":"https:\/\/www.pppy.fi\/index.php\/toimintakertomus-2025\/","title":{"rendered":"Toimintakertomus 2025"},"content":{"rendered":"\n<p>Kertomuskausi oli 1.8.2006 perustetun yhdistyksemme 20. toimintavuosi. &#8211; Ven\u00e4j\u00e4n laiton ja<br>provosoimaton t\u00e4ysimittainen hy\u00f6kk\u00e4yssota Ukrainassa on kest\u00e4nyt yli nelj\u00e4 vuotta. Sodan nopeaa<br>loppua ei viel\u00e4k\u00e4\u00e4n ole n\u00e4kyviss\u00e4, vaikka siin\u00e4 t\u00e4ll\u00e4 hetkell\u00e4 ilmeisesti ollaan l\u00e4hemp\u00e4n\u00e4 kuin<br>koskaan ennen. Ukrainalaisten urhoollista taistelua on useasti verrattu meid\u00e4n talvisotaamme. Me<br>emme sen p\u00e4\u00e4tteeksi v\u00e4lttyneet katkerilta alueluovutuksilta.<\/p>\n\n\n\n<p>Me onnistuimme niin talvi- kuin jatkosodassa ja s\u00e4ilytimme itsen\u00e4isyytemme! Jos vaikka<br>Ukrainassa joudutaan alueluovutuksiin, niin t\u00e4rkeint\u00e4 on, ett\u00e4 he saavat pit\u00e4\u00e4 itsen\u00e4isyytens\u00e4 ja<br>suvereniteettins\u00e4!<\/p>\n\n\n\n<p>L\u00e4nnen tuki on edelleen Ukrainan kannalta ensiarvoisen t\u00e4rke\u00e4\u00e4. Suomi on tukenut Ukrainaa<br>merkitt\u00e4v\u00e4sti ja monipuolisesti puolustusmateriaalilla sek\u00e4 osallistumalla ukrainalaisten<br>koulutukseen. Ja tukemme jatkuu!<br>Kaikesta huolimatta me olemme t\u00e4ss\u00e4 muuttuneessa, poikkeuksellisen j\u00e4nnittyneess\u00e4 ja<br>ep\u00e4vakaassa maailmantilanteessa saaneet yhdistyksen\u00e4 paljon aikaan.<\/p>\n\n\n\n<p>Pajarin Poikien Perinneyhdistyksen kertomusvuoden varmasti meid\u00e4n kaikkien mieliin pysyv\u00e4sti<br>j\u00e4\u00e4nyt tapahtuma oli toisen sotahistorian tuntijamme, matkojemme tukihenkil\u00f6n ja pitk\u00e4aikaisen<br>hallituksen j\u00e4senen <strong>eversti Erkki Eskelisen<\/strong> \u00e4killinen ja yll\u00e4tt\u00e4v\u00e4 menehtyminen huhtikuussa.<br>Toinen viime vuonna kuollut oli <strong>Kalevi Kronholm<\/strong>, kantolippumme hankinnan taloudellinen tukija.<\/p>\n\n\n\n<p>PPPY on yksi 23.5.2022 perustetun<strong> Tammenlehv\u00e4n Pirkanmaan Perinneyhdistys ry:n<\/strong><br>perustajaj\u00e4senist\u00e4.<\/p>\n\n\n\n<p>Yhdistyksen<strong> vuosikokous pidettiin ti 18.3.2025 Ravintolassa Mama no Bento<\/strong> (ent. Vaskit\u00e4hti).<br>Kokouksen puheenjohtajana toimi Matti Salonen ja sihteerin\u00e4 Helena Turpeinen. L\u00e4sn\u00e4 oli 38<br>henkil\u00f6\u00e4. &#8211; Yhdistyksen puheenjohtajaksi vuodelle 2025 valittiin jatkamaan kenraalimajuri Kalervo<br>Sipi. Vakiintuneen k\u00e4yt\u00e4nn\u00f6n mukaan hallituksen j\u00e4senten toimikausi on kaksi vuotta. Nyt valittiin<br>vuosiksi 2025 -2026 erovuorossa ollut <strong>Jarmo Talasrinne<\/strong> jatkamaan ja uutena j\u00e4senen\u00e4 <strong>Harri Holm.<\/strong><br>Iiris Lehmuskentt\u00e4 luopui terveystilanteeseensa vedoten vuonna 2019 alkaneesta hallituksen<br>j\u00e4senyydest\u00e4. Hallituksessa jatkoivat vuosiksi 2024 &#8211; 2025 valitut Tuomo Juntunen, Erkki Eskelinen<br>ja Antti Keskinen. &#8211; J\u00e4senmaksuksi p\u00e4\u00e4tettiin 20,-. &#8211; Kokouksen lopuksi <strong>Tuomo <\/strong>piti mielenkiintoisen<br>esitelm\u00e4n otsikolla <em>\u201dLankilan taistelu ja tapaus R\u00e4tt\u00f6\u201d.<\/em><\/p>\n\n\n\n<p>PPPY:n hallituksessa on kertomusvuonna toiminut varapj:na Jarmo Talasrinne, Tuomo Juntunen<br>Pajari-tutkimuksen vet\u00e4j\u00e4n\u00e4 ja Antti Keskinen lippu-upseerina. Yhdistyksen sihteerin\u00e4 ja<br>taloudenhoitajana on ollut kunniapuheenjohtajamme Helena Turpeinen. Matkatoimikuntaan ovat<br>kuuluneet Tuomo Juntunen, Erkki Eskelinen ja Helena Turpeinen. Toiminnantarkastajana on ollut<br>Hannu Routamaa ja h\u00e4nen varamiehen\u00e4\u00e4n Veikko Parkkinen.<\/p>\n\n\n\n<p>Yhdistyksen j\u00e4senm\u00e4\u00e4r\u00e4 oli vuoden lopulla 203 henkil\u00f6\u00e4. Toimintavuoden aikana uusia j\u00e4seni\u00e4 on<br>hyv\u00e4ksytty 11 ja itse eronnut tai erotettu j\u00e4senmaksun laiminly\u00f6nnin takia kymmenen henkil\u00f6\u00e4.<br>J\u00e4senmaksu oli edelleen 20,-.<\/p>\n\n\n\n<p>Hallitus piti vuoden aikana nelj\u00e4 (4) kokousta, joista yhden s\u00e4hk\u00f6postitse. Kauden ensimm\u00e4inen<br>kokous pidettiin Iiris Lehmuskent\u00e4n kauniissa kodissa h\u00e4nen toivomuksestaan ja kolmas kokous<br>Sotahistoriakeskus \u201dKomendantissa\u201d Rautj\u00e4rvell\u00e4. Hallitus l\u00e4hetti nelj\u00e4 (4) j\u00e4senkirjett\u00e4.<\/p>\n\n\n\n<p>Yhdistyksemme lippu oli kertomusvuonna Hannu Wirolan toimesta 26.1. Tammisunnuntain<br>messun lippulinnassa Tuomiokirkossa ja pe 31.1. Suinulan muistomerkill\u00e4. Antti Keskinen kantoi<br>lippuamme 4.6. Kalevankankaalla ja Mannerheimin patsaalla lippulinnassa, 6.12. Talvisodan Henki<br>-muistomerkill\u00e4, Kalevankankaalla ja ohimarssissa Kalevan puistotiell\u00e4 sek\u00e4 Pajari-p\u00e4iv\u00e4n\u00e4 ma<br>15.12.<\/p>\n\n\n\n<p>Erkki Eskelisen viimeiseksesi aktiviteetiksi j\u00e4i h\u00e4nen yhdess\u00e4 Tuomo Juntusen kanssa j\u00e4lleen kerran<br>hyvin suunnittelema ja valmistelema <strong>\u201dLinnakesaarikierros\u201d 10.- 12.6.2025.<\/strong> Retkell\u00e4 vietimme<br>Kylm\u00e4pihlajan majakkasaarella muistohetken Esselle ja nostimme maljan h\u00e4nen muistolleen.<\/p>\n\n\n\n<p>Tuolla sotahistoria- ja kulttuurimatkallamme n\u00e4imme ja koimme j\u00e4lleen paljon mielenkiintoista,<br>jotain erilaista. Me vierailimme kahdella rannikkotykist\u00f6linnakkeella &#8211; Rauman edustalla<br>Kuuskajaskarilla ja Hangon edustalla Russar\u00f6ss\u00e4. Ohjelmaan sis\u00e4ltyiv\u00e4t my\u00f6s k\u00e4ynnit Kylm\u00e4pihlajan<br>ja Bengtsk\u00e4rin majakoilla. Matkan vastuullisena j\u00e4rjest\u00e4j\u00e4n\u00e4 oli ensimm\u00e4ist\u00e4 kertaa Salon<br>Matkatoimisto ry. Meid\u00e4n onneksemme Tuula Tuovinen hoiti kuitenkin viel\u00e4 hotelli- yms varaukset<br>ja kuljettajanamme oli vanhassa tutussa sinisess\u00e4 bussissa V-H!<\/p>\n\n\n\n<p>Kes\u00e4kuun \u201dLinnakesaarikierros\u201d oli yksi kertomusvuoden toimintamme t\u00e4htihetkist\u00e4 ja Tuomon<br>jalkaleikkauksen takia pitk\u00e4lti Essen k\u00e4sialaa. Matka onnistui erinomaisesti! Tuomo ja Esse olivat<br>j\u00e4lleen laatineet loistavan ja vaiherikkaan ohjelman, josta heille isot kiitokset, Esselle postuumisti!<br>Meit\u00e4 oli mukana 40 henkil\u00f6\u00e4. &#8211; Essen muistoa kunnioittaakseni laatimani kuvallinen matkaraportti<br>on kotisivuillamme.<\/p>\n\n\n\n<p><strong>12- 14.9.2025<\/strong> teimme yhdess\u00e4 <strong>Vapaussodan Tampereen seudun perinneyhdistyksen<\/strong> (VAPETAS)<br>kanssa <strong>sotahistoria- ja kulttuurimatkan Porkkalaan ja Ahvenanmaalle<\/strong>. T\u00e4m\u00e4kin oli taas Tuomon<br>takuuty\u00f6t\u00e4! Suunnittelu ja kellotus viel\u00e4 yhdess\u00e4 Essen kanssa. Matkan vastuullinen j\u00e4rjest\u00e4j\u00e4 oli<br>Salon Matkatoimisto ja bussin kuljettajana V-H Tuovinen.<\/p>\n\n\n\n<p>Ensimm\u00e4isen\u00e4 p\u00e4iv\u00e4n\u00e4 pys\u00e4hdyimme Porkkalassa. Suomi vuokrasi Moskovan<br>v\u00e4lirauhansopimuksessa v 1944 Porkkalan alueen Neuvostoliitolle 50 vuodeksi. Alueeseen kuului<br>my\u00f6s Upinniemi, M\u00e4kiluodon linnakesaari ja suuria osia l\u00e4hikunnista. Alueen tyhjent\u00e4miseen<br>annettiin aikaa 10 p\u00e4iv\u00e4\u00e4. Rannikkotykist\u00f6n merkitys alusten torjunnassa v\u00e4heni sodan j\u00e4lkeen<br>ohjustekniikan nopean<br>kehityksen my\u00f6t\u00e4 ja Porkkalasta tuli Neuvostoliitolle ennen pitk\u00e4\u00e4 tarpeeton. Tasan 80 vuotta<br>sitten se p\u00e4\u00e4tti luopua siit\u00e4. Mik\u00e4 muuttui alueella vuokra-aikana ja mit\u00e4 siit\u00e4 on j\u00e4ljell\u00e4, sen<br>tutkimme paikan p\u00e4\u00e4ll\u00e4 ja k\u00e4vimme my\u00f6s mielenkiintoisessa Degerbyn \u201dIgor\u201d-museossa<br>is\u00e4nt\u00e4n\u00e4mme Berndt Gottberg. &#8211; Y\u00f6pyminen Turussa.<\/p>\n\n\n\n<p>Seuraavana p\u00e4iv\u00e4n\u00e4 siirryimme Ahvenanmaalle. Oolannin sota oli osa Krimin sotaa, jolla Britannia<br>ja Ranska yrittiv\u00e4t erist\u00e4\u00e4 Ven\u00e4j\u00e4n huoltoreitit ja ulkomaankaupan sek\u00e4 pakottaa se rauhaan.<br>Alkukes\u00e4st\u00e4 1854 laivasto-osasto purjehti Ahvenanmaalle ja sota alkoi. K\u00e4vimme tutustumassa<br>mm Bomarsundin linnoitukseen ja museoon, Notvikin tykkitorniin ja Kastelholman linnaan, samoin<br>k\u00e4v\u00e4isimme postinkuljettajien muistomerkill\u00e4 Ecker\u00f6ss\u00e4.<\/p>\n\n\n\n<p>Vapaussodan aika Ahvenanmaalla oli moni-ilmeinen. Alueella operoivat samanaikaisesti<br>ven\u00e4l\u00e4iset, ruotsalaiset ja saksalaiset sek\u00e4 suomalaiset valkoiset ja punaiset. Kahnauksilta ja<br>taisteluilta ei voitu v\u00e4ltty\u00e4. K\u00e4vimme Saariston Vapaajoukon muistomerkill\u00e4 V\u00e5rd\u00f6ss\u00e4 sek\u00e4 Godbyn<br>taistelujen muistomerkill\u00e4.<\/p>\n\n\n\n<p>Sunnuntaina aamup\u00e4iv\u00e4ll\u00e4 pikak\u00e4ynti Stallhagenin panimolla. Puolelta p\u00e4ivin nautittiin maittava<br>kentt\u00e4lounas Badhusberget\u00b4ll\u00e4. Viking \u201dGracella\u201d takaisin Turkuun ja sitten ajo kotiin.<\/p>\n\n\n\n<p><br><strong>18.10.2025<\/strong> me j\u00e4rjestimme yhdess\u00e4 paikallisten kanssa Asikkalassa Tammenlehv\u00e4talossa kahden<br>asikkalalaissyntyisen Mannerheim-ristin ritarin &#8211; Aaro Pajarin ja Kalervo Loimun &#8211; kunniaksi vuosi<br>aiemmin avatun n\u00e4yttelyn <strong>\u201dAsikkalan omat ritarit\u201d<\/strong> p\u00e4\u00e4t\u00f6sseminaarin. Tuo n\u00e4yttelymme saavutti<br>hyv\u00e4n suosion! Materiaalin sinne kokosi sotahistorian ja Pajari-tuntijamme Tuomo ja sen pystytti<br>yhteisty\u00f6ss\u00e4 h\u00e4nen kanssaan Asikkalan kunnan kulttuurituottaja Solja J\u00e4rvenp\u00e4\u00e4. Lopullisen<br>yhteenvedon pystymme tekem\u00e4\u00e4n vasta tovin kuluttua, mutta jo nyt uskallan sanoa, ett\u00e4 Tuomon<br>ja minun parin vuoden ty\u00f6rupeama yhdess\u00e4 paikallisen puurtajan Soljan kanssa ei mennyt<br>hukkaan!<\/p>\n\n\n\n<p><br>Kalevan lukiolla j\u00e4rjestettiin ma <strong>15.12.2025<\/strong> perinteinen talvisodan Tolvaj\u00e4rven taistelujen<br>muistoksi vietett\u00e4v\u00e4<strong> Pajari-p\u00e4iv\u00e4.<\/strong> Tapahtuman toimeenpanijana kanssamme oli tuttuun tapaan<br>Pirkanmaan aluetoimisto. Nelj\u00e4tt\u00e4 kertaa juhla oli my\u00f6s Maanpuolustuskoulutusyhdistys MPK<br>H\u00e4meen maanpuolustuspiirin vuosip\u00e4iv\u00e4.<\/p>\n\n\n\n<p>Tilaisuus on Aaro Pajarin johtamien joukkojen perinteiden pirkanmaalaisten vaalijoiden<br>perinnep\u00e4iv\u00e4: Tampereen maakuntakomppania &#8211; JR 18 ja Tolvaj\u00e4rven taistelut ja Pirkanmaan<br>maakuntakomppania &#8211; JR 27 ja Hopeasalmen taistelut. &#8211; Mukana oli j\u00e4lleen my\u00f6s Satakunnan<br>lennoston Suojauskomppania. Itse olin joulukuun alun lonkkaleikkauksen takia ensimm\u00e4isen<br>kerran puheenjohtajaurallani poissa Pajari-p\u00e4iv\u00e4n ohjelmasta. Varapuheenjohtaja Jarmo<br>Talasrinne paikkasi.<\/p>\n\n\n\n<p><br>P\u00e4iv\u00e4 alkoi kunnianosoituksilla Kalevankaan hautausmaan Sankariristill\u00e4 ja Pajarin muistomerkill\u00e4.<br>Kalevan lukion p\u00e4\u00e4juhlassa oli varapuheenjohtajan tervetulotoivotuksen j\u00e4lkeen vuorossa kunkin<br>osallistujatahon tervehdys ja palkitsemiset.<\/p>\n\n\n\n<p>Perinteisen historiallisen esitelm\u00e4n piti j\u00e4lleen Tuomo otsikolla <em>\u201dPajarin suunnitelma Uhtuan<br>valtaamiseksi\u201d<\/em>. Se oli kronologinen jatko Tuomon aiempiin Pajari-p\u00e4ivien esityksiin ja t\u00e4m\u00e4kin<br>perusteellinen ja mielenkiintoinen!<\/p>\n\n\n\n<p>Tilaisuuden lopuksi luovutettiin kolme yhdistyksemme korkeinta huomionosoitusta <strong>\u201dA.O. Pajari<br>Muistolevykkett\u00e4\u201d<\/strong>. Ensimm\u00e4isen levykkeen &#8211; numero 36 &#8211; saaja oli kirjailija, sotahistorioitsija<br>Kimmo Sorko. Kunniakirjaan olin kirjoittanut: \u201dKiitokseksi Aaro Pajarin ja h\u00e4nen johtamiensa<br>joukkojen ansioiden esill\u00e4 pit\u00e4misest\u00e4 kirjallisessa tuotannossasi.\u201d<\/p>\n\n\n\n<p>Toisen ja kolmannen levykkeen saajat olivat molemmat pitk\u00e4aikaisia yhteisty\u00f6kumppaneitamme<br>maakuntakomppanioiden parissa. Toisen levykkeen &#8211; numero 37 &#8211; saaja oli reservin kapteeni Ismo<br>Kaukonen Pirkanmaan maakuntakomppaniasta ja toisen &#8211; numero 38 &#8211; reservin yliluutnantti Jussi<br>Luomahaara Tampereen maakuntakomppaniasta. Kummankin kunniakirjassa luki: \u201dHyv\u00e4st\u00e4 ja<br>tehokkaasta yhteisty\u00f6st\u00e4 l\u00e4mpim\u00e4sti kiitt\u00e4en!\u201d<\/p>\n\n\n\n<p>Tilaisuuden juhlavasta musiikista vastasi j\u00e4lleen MPK H\u00e4meen soittokunta kapellimestarinaan<br>Pekka Ahonen. Juhla p\u00e4\u00e4ttyi yhdess\u00e4 seisten laulettuun \u201dKes\u00e4p\u00e4iv\u00e4 Kangasalla\u201d. &#8211; Paikalla oli noin<br>200 henke\u00e4!<\/p>\n\n\n\n<p><br>MPKK:lla j\u00e4rjestettiin Sotakorkeakoulun perinnep\u00e4iv\u00e4\u00e4n liittyen <strong>Tolvaj\u00e4rvi-p\u00e4iv\u00e4 ma 3.11.2025.<\/strong><br>Ohjelmassa oli mm v\u00e4it\u00f6skirjatutkija Antti Kovasen oikealla asenteella pit\u00e4m\u00e4 juhlaesitelm\u00e4<br>\u201dTolvaj\u00e4rven taistelu\u201d. &#8211; Meilt\u00e4 osallistui Helena ja Kale sek\u00e4 Markku Rauhalahti.<\/p>\n\n\n\n<p><br>Toimintavuonna jatkettiin Helena ja Kari Turpeisen aloittamaa Pajarin arkiston tutkimista ja<br>luettelointia.<br><\/p>\n\n\n\n<p>J\u00e4senet ovat osallistuneet Tampereen seudulla j\u00e4rjestettyihin maanpuolustus- ja<br>perinnetilaisuuksiin.<\/p>\n\n\n\n<p>Yhdistyksell\u00e4mme on osoitteessa https:\/\/www.pppy.fi kotisivut. Ne ovat entist\u00e4 ehompia ja<br>alkavat olla monipuolisia ja mielenkiintoisia. N\u00e4kyvyytt\u00e4mme lis\u00e4siv\u00e4t j\u00e4lleen Markku Rauhalahden<br>ja Jouni Koskelan monet kuvat Moron \u201dMeir\u00e4n kekkerit\u201d-palstalla.<\/p>\n\n\n\n<p><br>Kirjanpidostamme vastaa Tilitoimisto Aallon Tampere Oy.<\/p>\n\n\n\n<p><strong>Kunniateht\u00e4v\u00e4mme on vaalia kahden Mannerheim-ristin ritarin, kenraalimajuri Aaro Olavi<br>Pajarin muistoa ja h\u00e4nen joukoissaan taistelleiden perinteit\u00e4. N\u00e4in me olemme sit\u00e4 toteuttaneet<br>onnistuneesti vuonna 2025.<\/strong><\/p>\n\n\n\n<p><strong>Tampereella 30. maaliskuuta 2026<\/strong><\/p>\n\n\n\n<p><strong>Kalervo Sipi<br>puheenjohtaja<\/strong><\/p>\n\n\n\n<p><\/p>\n","protected":false},"excerpt":{"rendered":"<p>Kertomuskausi oli 1.8.2006 perustetun yhdistyksemme 20. toimintavuosi. &#8211; Ven\u00e4j\u00e4n laiton japrovosoimaton t\u00e4ysimittainen hy\u00f6kk\u00e4yssota Ukrainassa on kest\u00e4nyt yli nelj\u00e4 vuotta. Sodan nopeaaloppua ei viel\u00e4k\u00e4\u00e4n ole n\u00e4kyviss\u00e4, vaikka siin\u00e4 t\u00e4ll\u00e4 hetkell\u00e4 ilmeisesti ollaan l\u00e4hemp\u00e4n\u00e4 kuinkoskaan ennen. Ukrainalaisten urhoollista taistelua on useasti verrattu meid\u00e4n talvisotaamme. Meemme sen p\u00e4\u00e4tteeksi v\u00e4lttyneet katkerilta alueluovutuksilta. Me onnistuimme niin talvi- kuin jatkosodassa ja s\u00e4ilytimme itsen\u00e4isyytemme! Jos vaikkaUkrainassa joudutaan alueluovutuksiin, niin t\u00e4rkeint\u00e4 on, ett\u00e4 he saavat pit\u00e4\u00e4 itsen\u00e4isyytens\u00e4 jasuvereniteettins\u00e4! L\u00e4nnen tuki on edelleen Ukrainan&hellip; <\/p>\n","protected":false},"author":1,"featured_media":0,"parent":0,"menu_order":0,"comment_status":"closed","ping_status":"closed","template":"","meta":{"footnotes":""},"class_list":["post-1816","page","type-page","status-publish","hentry"],"_links":{"self":[{"href":"https:\/\/www.pppy.fi\/index.php\/wp-json\/wp\/v2\/pages\/1816","targetHints":{"allow":["GET"]}}],"collection":[{"href":"https:\/\/www.pppy.fi\/index.php\/wp-json\/wp\/v2\/pages"}],"about":[{"href":"https:\/\/www.pppy.fi\/index.php\/wp-json\/wp\/v2\/types\/page"}],"author":[{"embeddable":true,"href":"https:\/\/www.pppy.fi\/index.php\/wp-json\/wp\/v2\/users\/1"}],"replies":[{"embeddable":true,"href":"https:\/\/www.pppy.fi\/index.php\/wp-json\/wp\/v2\/comments?post=1816"}],"version-history":[{"count":1,"href":"https:\/\/www.pppy.fi\/index.php\/wp-json\/wp\/v2\/pages\/1816\/revisions"}],"predecessor-version":[{"id":1818,"href":"https:\/\/www.pppy.fi\/index.php\/wp-json\/wp\/v2\/pages\/1816\/revisions\/1818"}],"wp:attachment":[{"href":"https:\/\/www.pppy.fi\/index.php\/wp-json\/wp\/v2\/media?parent=1816"}],"curies":[{"name":"wp","href":"https:\/\/api.w.org\/{rel}","templated":true}]}}