{"id":1786,"date":"2026-03-11T07:54:39","date_gmt":"2026-03-11T07:54:39","guid":{"rendered":"https:\/\/www.pppy.fi\/?page_id=1786"},"modified":"2026-03-11T07:59:59","modified_gmt":"2026-03-11T07:59:59","slug":"viron-ja-latvian-vapaussodat","status":"publish","type":"page","link":"https:\/\/www.pppy.fi\/index.php\/viron-ja-latvian-vapaussodat\/","title":{"rendered":"Viron ja Latvian vapaussodat"},"content":{"rendered":"\n<p class=\"has-text-align-left\">Osallistuimme t\u00e4n\u00e4 vuonna Viron ja Latvian vapaussotien 107-vuotisjuhlallisuuksiin, Virossa 31.1.<br>pienell\u00e4 delegaatiolla ja Latvian Aluksnessa 20.2. yhteismatkalla Vapaussodan Tampereen seudun<br>Perinneyhdistyksen kanssa (VAPETAS).<br>Viron vapaussodan muistotilaisuuksissa me olimme Latvian matkamme valmisteluun liittyen mukana<br>kolmen hengen joukolla &#8211; Kale, Tuomo ja Jouni Koskela, Vapaussodan Perinneliiton ja VAPETAS-<br>puheenjohtaja.<br>J\u00e4lleen hyvin j\u00e4rjestetyss\u00e4 &#8211; Valgan Sotamuseon johtajan Meelis Kiven ja Kaitseliitin Valgan paikallisjohtajan<br>Kaido Lusikin johtamassa &#8211; hienosti suunnitellussa ja toteutetussa ohjelmassa oli ensin vuorossa<br>kunnianosoitus Pohjan Poikien marmoritaululla Valgan kirkolla. Siell\u00e4 Kale piti muistopuheen suomalaisille<br>sankareilla sek\u00e4 Kale ja Jouni laskivat meid\u00e4n kukkalaitteemme. Pajun muistomerkill\u00e4 oli seuraavaksi<br>totutun upea, is\u00e4nmaallinen kunnianosoitus Viron vapaussotureille, Kuperjanovin joukoille sek\u00e4<br>suomalaisille vapaaehtoisille Pohjan Pojille. V\u00e4ke\u00e4 oli paljon ja lippulinnat mittavat! Muistomerkille<br>laskettiin runsaasti kukkalaitteita. Juhlallisuuksien lopuksi oli viel\u00e4 seremonia Pohjan Poikien muistokivell\u00e4<br>Pajun kartanon luona. Siell\u00e4 meid\u00e4n kukkalaitteemme laskivat Kale ja Tuomo. &#8211; S\u00e4\u00e4 oli j\u00e4lleen perinteinen &#8211;<br>aurinkoinen talvip\u00e4iv\u00e4 ja riitt\u00e4v\u00e4sti pakkasta, -18 astetta!<\/p>\n\n\n\n<div class=\"wp-block-columns is-layout-flex wp-container-core-columns-is-layout-1 wp-block-columns-is-layout-flex\">\n<div class=\"wp-block-column is-layout-flow wp-block-column-is-layout-flow\">\n<figure class=\"wp-block-image size-large is-resized\"><a href=\"https:\/\/www.pppy.fi\/wp-content\/uploads\/2026\/03\/IMG_6789-Pohjan-Poikien-sankareille-Kale-ja-Jouni.jpg\"><img loading=\"lazy\" decoding=\"async\" width=\"788\" height=\"1024\" src=\"https:\/\/www.pppy.fi\/wp-content\/uploads\/2026\/03\/IMG_6789-Pohjan-Poikien-sankareille-Kale-ja-Jouni-788x1024.jpg\" alt=\"\" class=\"wp-image-1789\" style=\"width:405px;height:auto\" srcset=\"https:\/\/www.pppy.fi\/wp-content\/uploads\/2026\/03\/IMG_6789-Pohjan-Poikien-sankareille-Kale-ja-Jouni-788x1024.jpg 788w, https:\/\/www.pppy.fi\/wp-content\/uploads\/2026\/03\/IMG_6789-Pohjan-Poikien-sankareille-Kale-ja-Jouni-231x300.jpg 231w, https:\/\/www.pppy.fi\/wp-content\/uploads\/2026\/03\/IMG_6789-Pohjan-Poikien-sankareille-Kale-ja-Jouni-768x998.jpg 768w, https:\/\/www.pppy.fi\/wp-content\/uploads\/2026\/03\/IMG_6789-Pohjan-Poikien-sankareille-Kale-ja-Jouni.jpg 950w\" sizes=\"auto, (max-width: 788px) 100vw, 788px\" \/><\/a><figcaption class=\"wp-element-caption\">Pohjan Poikien sankareille &#8211; Kale ja Jouni<\/figcaption><\/figure>\n<\/div>\n\n\n\n<div class=\"wp-block-column is-layout-flow wp-block-column-is-layout-flow\">\n<figure class=\"wp-block-image size-large\"><a href=\"https:\/\/www.pppy.fi\/wp-content\/uploads\/2026\/03\/IMG_6809-a-Pohjan-Poikien-muistokivella-Kale-ja-Tuomo.jpg\"><img loading=\"lazy\" decoding=\"async\" width=\"1024\" height=\"768\" src=\"https:\/\/www.pppy.fi\/wp-content\/uploads\/2026\/03\/IMG_6809-a-Pohjan-Poikien-muistokivella-Kale-ja-Tuomo-1024x768.jpg\" alt=\"\" class=\"wp-image-1790\" srcset=\"https:\/\/www.pppy.fi\/wp-content\/uploads\/2026\/03\/IMG_6809-a-Pohjan-Poikien-muistokivella-Kale-ja-Tuomo-1024x768.jpg 1024w, https:\/\/www.pppy.fi\/wp-content\/uploads\/2026\/03\/IMG_6809-a-Pohjan-Poikien-muistokivella-Kale-ja-Tuomo-300x225.jpg 300w, https:\/\/www.pppy.fi\/wp-content\/uploads\/2026\/03\/IMG_6809-a-Pohjan-Poikien-muistokivella-Kale-ja-Tuomo-768x576.jpg 768w, https:\/\/www.pppy.fi\/wp-content\/uploads\/2026\/03\/IMG_6809-a-Pohjan-Poikien-muistokivella-Kale-ja-Tuomo-1536x1152.jpg 1536w, https:\/\/www.pppy.fi\/wp-content\/uploads\/2026\/03\/IMG_6809-a-Pohjan-Poikien-muistokivella-Kale-ja-Tuomo.jpg 2000w\" sizes=\"auto, (max-width: 1024px) 100vw, 1024px\" \/><\/a><figcaption class=\"wp-element-caption\">Pohjan Poikien muistokivell\u00e4 &#8211; Kale ja Tuomo<\/figcaption><\/figure>\n<\/div>\n<\/div>\n\n\n\n<p>Helmikuun lopulla 19. &#8211; 22.2.2026 me teimme yhdess\u00e4 VAPETASn kanssa Talviretken Viroon ja Latviaan. Matka oli Tuomon perusteellisesti suunnittelema, kellottama ja toteuttama. Matkan vastuullinen j\u00e4rjest\u00e4j\u00e4 oli Salon Matkatoimisto. Onneksemme saimme taas liikkua tutulla sinisell\u00e4 bussilla V-H:n kuljettamana! Matkalle osallistui 32 henkil\u00f6\u00e4 &#8211; Tampereen suunnalta ja p\u00e4\u00e4kaupunkiseudulta. Jouni Koskela on tehnyt VAPETASn kotisivuille upean matkaraportin otsikolla \u201dMatka Viroon ja Latviaan<br>avarsi yhteist\u00e4 historiaa\u201d. K\u00e4yt\u00e4n sit\u00e4 &#8211; kursiivilla esitettyn\u00e4 &#8211; pohjana t\u00e4ss\u00e4 omassa raportissani &#8211; hieman<br>t\u00e4ydennettyn\u00e4 ja omin kuvin ryyditettyn\u00e4:<\/p>\n\n\n\n<p><em>Itsen\u00e4istymiset: Suomi 6.12.1917, Viro 24.2.1918, Latvia 18.11.1918. Rauhat Neuvosto-Ven\u00e4j\u00e4n<br>kanssa: Viro 2.2.1920, Suomi 14.10.1920, Latvia 11.8.1920.<br>Veljeskansojen poliittista ja sotilaallista historiaa yhdist\u00e4\u00e4 moni asia: kirjavat valtiolliset ja<br>sotilaalliset kuviot Ven\u00e4j\u00e4n\/Neuvostoliiton, Saksan ja Ruotsin puristuksessa; valtiollinen<br>itsen\u00e4istymisprosessi I maailmansodan mahdollistamissa py\u00f6rteiss\u00e4; rauhan solmiminen Neuvosto-<br>Ven\u00e4j\u00e4n kanssa. Yhteiset polut erosivat II maailmansodan my\u00f6t\u00e4, mutta erityisesti virolaisille<br>Suomi oli ikkuna l\u00e4nteen ja vapauteen. 1990-luvulta l\u00e4htien Neuvostoliiton hajottua polut ovat<br>j\u00e4lleen yhtyneet EU- ja Nato-j\u00e4senyyksien my\u00f6t\u00e4.<br>Kaikki edell\u00e4 mainitut asiat tulivat vahvasti esille Vapaussodan Tampereen Seudun<br>Perinneyhdistyksen ja Pajarin Poikien Perinneyhdistyksen matkalla Viroon ja Latviaan 19.\u201322.<br>helmikuuta.<br>Tamperelaisten lis\u00e4ksi mukana oli useita helsinkil\u00e4isi\u00e4 sotaperinteemme aktiiveja. Kaikkiaan meit\u00e4<br>oli 33 hengen ryhm\u00e4 suomalaisten Pohjan Poikien jalanj\u00e4ljill\u00e4..<br>P\u00e4\u00e4kohteemme oli Latvian puolella Aluksne, joka vuonna 1919 oli Marienburg. Viron vapaussota<br>ulottui Latvian puolelle, miss\u00e4 oli sama vihollinen eli bolshevistisen Neuvosto-Ven\u00e4j\u00e4n puna-<br>armeija. Marienburgin ja Babezkin taisteluista tuli osana Viron vapaussotaa, my\u00f6s Latvian<\/em> <em>vapaussodan taisteluita. K\u00e4v\u00e4isimme Viron Pajun taistelun (31.1.1919), Marienburgin taistelun<br>(21.2.1919) ja Babezkin taistelun (23.2.1919) paikoilla.<br>Latviassa Aluksnen kaupungissa meill\u00e4 oli kunnia paljastaa muistokiveen kiinnitetty muistolaatta.<br>Muistokivikin on tamperelaisten aloitteesta pystytetty vuonna 2019. Paljastuspuheen piti<br>kenraalimajuri evp Kalervo Sipi. Kaupunki j\u00e4rjesti lis\u00e4ksi juhlan yhten\u00e4iskoulun juhlasalissa, miss\u00e4<br>julkaistiin tamperelaisen Tuomo Juntusen suomenkielinen teos Marienburgin taisteluista latvian<br>kielell\u00e4. K\u00e4\u00e4nn\u00f6sty\u00f6n tekij\u00e4lle opettaja Inese Incenbergalle luovutimme Sinisen Ristin tunnuksena<br>ja kiitoksena kansojen v\u00e4lisest\u00e4 yhteisty\u00f6st\u00e4. Juhlaan toivat raikkaan tervehdyksen eri-ik\u00e4isten<br>koululaisten laulu- ja soittoesitykset.<\/em><\/p>\n\n\n\n<div class=\"wp-block-columns is-layout-flex wp-container-core-columns-is-layout-2 wp-block-columns-is-layout-flex\">\n<div class=\"wp-block-column is-layout-flow wp-block-column-is-layout-flow\"><div class=\"wp-block-image\">\n<figure class=\"aligncenter size-large is-resized\"><a href=\"https:\/\/www.pppy.fi\/wp-content\/uploads\/2026\/03\/IMG_6899-b-Lisakilven-paljastussanat-kuva-Seija-Sipi.jpg\"><img loading=\"lazy\" decoding=\"async\" width=\"1024\" height=\"768\" src=\"https:\/\/www.pppy.fi\/wp-content\/uploads\/2026\/03\/IMG_6899-b-Lisakilven-paljastussanat-kuva-Seija-Sipi-1024x768.jpg\" alt=\"\" class=\"wp-image-1791\" style=\"width:371px;height:auto\" srcset=\"https:\/\/www.pppy.fi\/wp-content\/uploads\/2026\/03\/IMG_6899-b-Lisakilven-paljastussanat-kuva-Seija-Sipi-1024x768.jpg 1024w, https:\/\/www.pppy.fi\/wp-content\/uploads\/2026\/03\/IMG_6899-b-Lisakilven-paljastussanat-kuva-Seija-Sipi-300x225.jpg 300w, https:\/\/www.pppy.fi\/wp-content\/uploads\/2026\/03\/IMG_6899-b-Lisakilven-paljastussanat-kuva-Seija-Sipi-768x576.jpg 768w, https:\/\/www.pppy.fi\/wp-content\/uploads\/2026\/03\/IMG_6899-b-Lisakilven-paljastussanat-kuva-Seija-Sipi-1536x1153.jpg 1536w, https:\/\/www.pppy.fi\/wp-content\/uploads\/2026\/03\/IMG_6899-b-Lisakilven-paljastussanat-kuva-Seija-Sipi.jpg 1963w\" sizes=\"auto, (max-width: 1024px) 100vw, 1024px\" \/><\/a><figcaption class=\"wp-element-caption\">Lis\u00e4kilven paljastussanat <\/figcaption><\/figure><\/div><\/div>\n\n\n\n<div class=\"wp-block-column is-layout-flow wp-block-column-is-layout-flow\"><div class=\"wp-block-image\">\n<figure class=\"aligncenter size-large\"><a href=\"https:\/\/www.pppy.fi\/wp-content\/uploads\/2026\/03\/IMG_6904-a-Kansallislaulut-Kale-ja-Arturs-Dukulis.jpg\"><img loading=\"lazy\" decoding=\"async\" width=\"1024\" height=\"680\" src=\"https:\/\/www.pppy.fi\/wp-content\/uploads\/2026\/03\/IMG_6904-a-Kansallislaulut-Kale-ja-Arturs-Dukulis-1024x680.jpg\" alt=\"\" class=\"wp-image-1792\" srcset=\"https:\/\/www.pppy.fi\/wp-content\/uploads\/2026\/03\/IMG_6904-a-Kansallislaulut-Kale-ja-Arturs-Dukulis-1024x680.jpg 1024w, https:\/\/www.pppy.fi\/wp-content\/uploads\/2026\/03\/IMG_6904-a-Kansallislaulut-Kale-ja-Arturs-Dukulis-300x199.jpg 300w, https:\/\/www.pppy.fi\/wp-content\/uploads\/2026\/03\/IMG_6904-a-Kansallislaulut-Kale-ja-Arturs-Dukulis-768x510.jpg 768w, https:\/\/www.pppy.fi\/wp-content\/uploads\/2026\/03\/IMG_6904-a-Kansallislaulut-Kale-ja-Arturs-Dukulis-1536x1020.jpg 1536w, https:\/\/www.pppy.fi\/wp-content\/uploads\/2026\/03\/IMG_6904-a-Kansallislaulut-Kale-ja-Arturs-Dukulis.jpg 1877w\" sizes=\"auto, (max-width: 1024px) 100vw, 1024px\" \/><\/a><figcaption class=\"wp-element-caption\">Kale ja Arturs Dukulis &#8211; kuvat Seija Sipi<\/figcaption><\/figure><\/div><\/div>\n<\/div>\n\n\n\n<p>T\u00e4ss\u00e4 lyhyt paljastuspuheeni Aluksnen asemalla pe 20.2.: \u201dEdess\u00e4nne oleva Rautj\u00e4rvelt\u00e4 Suomesta<br>t\u00e4nne tuotu Salpalinjan kivi on osa Aluksnen kaupungin ja Vapaussodan Perinneliiton jo vuonna<br>2014 aloitettua yhteisprojektia. T\u00e4ll\u00e4 vuonna 2019 paljastetulla muistokivell\u00e4 me suomalaiset<br>haluamme kohdistaa syv\u00e4n kiitoksemme ja kunnioituksemme t\u00e4\u00e4ll\u00e4 taistelleille suomalaisille<br>vapaaehtoisille, urhoollisille Pohjan Pojille.<\/p>\n\n\n\n<p>Muistokiven infolaatassa lukee latviaksi ja englanniksi <strong>\u201dSuomalaiset vapaaehtoiset taistelivat<br>t\u00e4\u00e4ll\u00e4 helmikuussa 1919 Latvian itsen\u00e4isyyden puolesta\u201d<\/strong>. Kivi on hyv\u00e4 osoitus maidemme<br>v\u00e4lisest\u00e4 aktiivisesta ja tuloksekkaasta kanssak\u00e4ymisest\u00e4. On hienoa saada j\u00e4lleen t\u00e4n\u00e4\u00e4n olla<br>t\u00e4\u00e4ll\u00e4 osoittamassa arvostuksemme Latvian vapaussodan muistolle ja olla mukana edist\u00e4m\u00e4ss\u00e4<br>Suomen ja Latvian yhteisty\u00f6t\u00e4 ja suhteita.<\/p>\n\n\n\n<p>T\u00e4m\u00e4 kivi on tuotu t\u00e4nne Salpalinjasta. Tuon linjan merkitys oli meille suomalaisille varsinkin kes\u00e4n<br>1944 puolustustaisteluissa suuri. Se oli meille vankka henkinen selk\u00e4ranka. Vaikkakin merkitys<br>silloin oli symbolinen, niin se oli ratkaiseva. Siksi t\u00e4m\u00e4 t\u00e4ll\u00e4 paikalla seisova kivi on oivallinen kiitos<br>t\u00e4\u00e4ll\u00e4 urheasti taistelleille vapaaehtoisille Pohjan Pojille heid\u00e4n osuudestaan 107 vuotta sitten<br>k\u00e4ydyss\u00e4 Marienburgin vapautusoperaatiossa.<\/p>\n\n\n\n<p><br><strong>Kunnioitetut l\u00e4sn\u00e4olijat, <\/strong>me Pajarin Poikien Perinneyhdistyksess\u00e4 olemme vuosien saatossa t\u00e4\u00e4ll\u00e4<br>vieraillessamme havainneet, ett\u00e4 huolimatta kiven vieress\u00e4 olevasta informaatiotaulusta itse<br>kivest\u00e4 puuttuu jotakin, se on alaston. Niinp\u00e4 me olemme t\u00e4n\u00e4\u00e4n meid\u00e4n aloitteestamme ja<br>Aluksnen kaupungin suostumuksella kiinnitt\u00e4neet kiveen lis\u00e4laatan, jossa on ytimek\u00e4s teksti<br><strong>\u201dVuoden 1919 Marienburgin taistelujen sankareille\u201d<\/strong> &#8211; nyt kolmella kielell\u00e4.\u201d<\/p>\n\n\n\n<p>Paljastin lis\u00e4laatan yhdess\u00e4 vuonna 2019 kaupunginjohtajana toimineen, hyv\u00e4n<br>yhteisty\u00f6kumppanimme Arturs Dukuliksen kanssa. &#8211; Paikalla oli my\u00f6s virolaisen Pohjan Poikien<br>killan lippu.<\/p>\n\n\n\n<div class=\"wp-block-columns is-layout-flex wp-container-core-columns-is-layout-3 wp-block-columns-is-layout-flex\">\n<div class=\"wp-block-column is-layout-flow wp-block-column-is-layout-flow\"><div class=\"wp-block-image\">\n<figure class=\"aligncenter size-full is-resized\"><a href=\"https:\/\/www.pppy.fi\/wp-content\/uploads\/2026\/03\/IMG_6929-a-Paaosassa-nuorten-kuorot.jpeg\"><img decoding=\"async\" src=\"https:\/\/www.pppy.fi\/wp-content\/uploads\/2026\/03\/IMG_6929-a-Paaosassa-nuorten-kuorot.jpeg\" alt=\"\" class=\"wp-image-1796\" style=\"width:397px;height:auto\"\/><\/a><figcaption class=\"wp-element-caption\">P\u00e4\u00e4osassa nuorten kuorot<\/figcaption><\/figure><\/div><\/div>\n\n\n\n<div class=\"wp-block-column is-layout-flow wp-block-column-is-layout-flow\"><div class=\"wp-block-image\">\n<figure class=\"aligncenter size-full\"><a href=\"https:\/\/www.pppy.fi\/wp-content\/uploads\/2026\/03\/IMG_6925-Trumpettisoolo-pianon-saestyksella.jpeg\"><img decoding=\"async\" src=\"https:\/\/www.pppy.fi\/wp-content\/uploads\/2026\/03\/IMG_6925-Trumpettisoolo-pianon-saestyksella.jpeg\" alt=\"\" class=\"wp-image-1795\"\/><\/a><figcaption class=\"wp-element-caption\">Trumpettisoolo pianon s\u00e4estyksell\u00e4<\/figcaption><\/figure><\/div><\/div>\n<\/div>\n\n\n\n<p>Latvian ensimm\u00e4isen Raamatun k\u00e4\u00e4nt\u00e4j\u00e4n Ernst Gl\u00fcckin mukaan nimetyss\u00e4 lukiossa vietetty<br>tilaisuus oli todella mieleen painuva. Kaikesta n\u00e4kyi se ty\u00f6n m\u00e4\u00e4r\u00e4, mink\u00e4 paikalliset olivat<br>uhranneet juhlan ohjelman eteen. Konserttiosiossa nuoret musikantit paneutuivat suurella innolla<br>esitt\u00e4m\u00e4\u00e4ns\u00e4 ohjelmaan. Tuomon kirjan latviannos on upea ja sen k\u00e4\u00e4nt\u00e4j\u00e4 Inese oli onnistunut ty\u00f6ss\u00e4\u00e4n. Tuomo k\u00e4\u00e4nsi kirjan ensiksi englanniksi. Suurin kiitos p\u00e4iv\u00e4n tilaisuuksien ohjelmasta ja<br>niiden onnistumisesta kuuluu Evita Aplokalle ja Sanita Eglitelle! &#8211; Jouni luovutti VAPETAS-<br>standaarin Aluksnen kaupungille.<\/p>\n\n\n\n<div class=\"wp-block-columns is-layout-flex wp-container-core-columns-is-layout-4 wp-block-columns-is-layout-flex\">\n<div class=\"wp-block-column is-layout-flow wp-block-column-is-layout-flow\">\n<figure class=\"wp-block-image size-full\"><a href=\"https:\/\/www.pppy.fi\/wp-content\/uploads\/2026\/03\/IMG_6919-c-Sininen-Risti-Ineselle-kuva-Matti-Luokola.jpg\"><img decoding=\"async\" src=\"https:\/\/www.pppy.fi\/wp-content\/uploads\/2026\/03\/IMG_6919-c-Sininen-Risti-Ineselle-kuva-Matti-Luokola.jpg\" alt=\"\" class=\"wp-image-1793\"\/><\/a><figcaption class=\"wp-element-caption\">Sininen Risti Ineselle<\/figcaption><\/figure>\n<\/div>\n\n\n\n<div class=\"wp-block-column is-layout-flow wp-block-column-is-layout-flow\">\n<figure class=\"wp-block-image size-full\"><a href=\"https:\/\/www.pppy.fi\/wp-content\/uploads\/2026\/03\/IMG_6920-c-VAPETAS-standaari-Aluksnelle.jpeg\"><img decoding=\"async\" src=\"https:\/\/www.pppy.fi\/wp-content\/uploads\/2026\/03\/IMG_6920-c-VAPETAS-standaari-Aluksnelle.jpeg\" alt=\"\" class=\"wp-image-1794\"\/><\/a><figcaption class=\"wp-element-caption\">VAPETAS-standaari Aluksnelle<\/figcaption><\/figure>\n<\/div>\n<\/div>\n\n\n\n<div class=\"wp-block-columns is-layout-flex wp-container-core-columns-is-layout-5 wp-block-columns-is-layout-flex\">\n<div class=\"wp-block-column is-layout-flow wp-block-column-is-layout-flow\">\n<p><\/p>\n\n\n\n<p><\/p>\n\n\n\n<p><em>Babezkissa, nykyisess\u00e4 Bejassa, laskimme seppeleen suomalaisten hautapaikalle yhdess\u00e4 Aluksnen<br>kaupungin ja Latvian puolustusvoimien edustajien kanssa.<\/em><\/p>\n<\/div>\n\n\n\n<div class=\"wp-block-column is-layout-flow wp-block-column-is-layout-flow\">\n<figure class=\"wp-block-image size-full\"><a href=\"https:\/\/www.pppy.fi\/wp-content\/uploads\/2026\/03\/IMG_6935-Pohjan-Poikien-haudalla-Bejassa-Matti-Luokola.jpg\"><img decoding=\"async\" src=\"https:\/\/www.pppy.fi\/wp-content\/uploads\/2026\/03\/IMG_6935-Pohjan-Poikien-haudalla-Bejassa-Matti-Luokola.jpg\" alt=\"\" class=\"wp-image-1797\"\/><\/a><figcaption class=\"wp-element-caption\">Pohjan Poikien haudalla Bejassa-kuva Matti Luokola<\/figcaption><\/figure>\n<\/div>\n<\/div>\n\n\n\n<div class=\"wp-block-columns is-layout-flex wp-container-core-columns-is-layout-6 wp-block-columns-is-layout-flex\">\n<div class=\"wp-block-column is-layout-flow wp-block-column-is-layout-flow\">\n<p>\u201dBabezkin ansan\u201d uhrien haudalla vietetyn muistohetken j\u00e4lkeen k\u00e4v\u00e4isimme viel\u00e4 ennen Riikaan<br>ajoa Zeltinin ohjustukikohdassa. Tuo kylm\u00e4n sodan aikainen tukikohta on meid\u00e4n ansiostamme<br>nyky\u00e4\u00e4n yleis\u00f6nkin l\u00f6ydett\u00e4viss\u00e4. Ohjuksena siell\u00e4 oli silloin R-12 Dvina (NATO-nimelt\u00e4\u00e4n SS-4<br>Sandal), ydink\u00e4rjell\u00e4 varustettu keskimatkan ballistinen ohjus ja maalina mm Pariisi. T\u00e4n\u00e4 p\u00e4iv\u00e4n\u00e4<br>ohjuksen laukaisualustalla k\u00f6k\u00f6tt\u00e4\u00e4 Aluksnen keskustasta sinne siirretty V.I. Leninin massiivinen<br>kivip\u00e4\u00e4.<\/p>\n<\/div>\n\n\n\n<div class=\"wp-block-column is-layout-flow wp-block-column-is-layout-flow\">\n<figure class=\"wp-block-image size-full\"><a href=\"https:\/\/www.pppy.fi\/wp-content\/uploads\/2026\/03\/IMG_6774-Lenin-Zeltinissa.jpeg\"><img loading=\"lazy\" decoding=\"async\" width=\"2560\" height=\"2560\" src=\"https:\/\/www.pppy.fi\/wp-content\/uploads\/2026\/03\/IMG_6774-Lenin-Zeltinissa.jpeg\" alt=\"\" class=\"wp-image-1788\"\/><\/a><figcaption class=\"wp-element-caption\">Lenin Zeltiniss\u00e4<\/figcaption><\/figure>\n<\/div>\n<\/div>\n\n\n\n<p><em>K\u00e4ynnit sotamuseoissa niin Riiassa kuin Tallinnassa vahvistivat kuvaa yhteisest\u00e4 historiastamme.<br>K\u00e4ynti Riian l\u00e4hell\u00e4 Bikerniekussa juutalaisten tuhoamispaikalla osoitti sodan ja vihanpidon<br>mielett\u00f6myyksi\u00e4.<\/em><\/p>\n\n\n\n<div class=\"wp-block-columns is-layout-flex wp-container-core-columns-is-layout-7 wp-block-columns-is-layout-flex\">\n<div class=\"wp-block-column is-layout-flow wp-block-column-is-layout-flow\"><div class=\"wp-block-image\">\n<figure class=\"aligncenter size-full is-resized\"><a href=\"https:\/\/www.pppy.fi\/wp-content\/uploads\/2026\/03\/IMG_6943-Riian-Sotamuseossa-oppaamme-Maris.jpeg\"><img decoding=\"async\" src=\"https:\/\/www.pppy.fi\/wp-content\/uploads\/2026\/03\/IMG_6943-Riian-Sotamuseossa-oppaamme-Maris.jpeg\" alt=\"\" class=\"wp-image-1798\" style=\"width:329px;height:auto\"\/><\/a><figcaption class=\"wp-element-caption\">Vierailullamme 21.2. Riian sotamuseossa energisen\u00e4 ja osaavana oppaanamme oli Maris.<\/figcaption><\/figure><\/div><\/div>\n\n\n\n<div class=\"wp-block-column is-layout-flow wp-block-column-is-layout-flow\">\n<figure class=\"wp-block-image aligncenter size-full\"><a href=\"https:\/\/www.pppy.fi\/wp-content\/uploads\/2026\/03\/IMG_6948-Riian-Kansalliskirjasto.jpeg\"><img decoding=\"async\" src=\"https:\/\/www.pppy.fi\/wp-content\/uploads\/2026\/03\/IMG_6948-Riian-Kansalliskirjasto.jpeg\" alt=\"\" class=\"wp-image-1799\"\/><\/a><figcaption class=\"wp-element-caption\">K\u00e4v\u00e4isimme my\u00f6s\nhulppeassa, 23 m korkeassa Riian kansalliskirjastossa.<\/figcaption><\/figure>\n<\/div>\n<\/div>\n\n\n\n<div class=\"wp-block-columns is-layout-flex wp-container-core-columns-is-layout-8 wp-block-columns-is-layout-flex\">\n<div class=\"wp-block-column is-layout-flow wp-block-column-is-layout-flow\">\n<p>Lounaan j\u00e4lkeen vierailimme karulla ja pys\u00e4ytt\u00e4v\u00e4ll\u00e4 Bikerniekin tuhoamispaikalla. Saksan kansallissosialistit<br>tappoivat siell\u00e4 noin 35&nbsp;000 ihmist\u00e4. Symbolisen muistomerkkikirkon graniittialttarissa on nelj\u00e4ll\u00e4 kielell\u00e4<br>Jobin kirjan 16:18 sanat: <em>\u00c4l\u00e4 peit\u00e4 vertani, maa! \u00c4l\u00e4 tukahduta sen kostonhuutoa<\/em>. &#8211; Menomatkalla<br>y\u00f6pymispaikkaamme P\u00e4rnussa poikkesimme paikallishankintoja toteuttamaan Superalkossa Ainazissa.<\/p>\n<\/div>\n\n\n\n<div class=\"wp-block-column is-layout-flow wp-block-column-is-layout-flow\">\n<figure class=\"wp-block-image size-full\"><a href=\"https:\/\/www.pppy.fi\/wp-content\/uploads\/2026\/03\/IMG_6957-Bikerniekin-murhapaikan-vaikuttava-muistomerkki.jpeg\"><img decoding=\"async\" src=\"https:\/\/www.pppy.fi\/wp-content\/uploads\/2026\/03\/IMG_6957-Bikerniekin-murhapaikan-vaikuttava-muistomerkki.jpeg\" alt=\"\" class=\"wp-image-1800\"\/><\/a><figcaption class=\"wp-element-caption\">Bikerniekin murhapaikan vaikuttava muistomerkki)<\/figcaption><\/figure>\n<\/div>\n<\/div>\n\n\n\n<p>Kotiinpaluup\u00e4iv\u00e4n\u00e4 k\u00e4v\u00e4isimme viel\u00e4 \u201dViron Sotamuseossa &#8211; kenraali Laidonerin museossa\u201d Viimsin<br>kartanossa ja nautimme hyv\u00e4n lounaan Tallinnan satamassa panimoravintolassa \u201dKochi Aidad\u201d<\/p>\n\n\n\n<div class=\"wp-block-columns is-layout-flex wp-container-core-columns-is-layout-9 wp-block-columns-is-layout-flex\">\n<div class=\"wp-block-column is-layout-flow wp-block-column-is-layout-flow\"><div class=\"wp-block-image\">\n<figure class=\"alignright size-full is-resized\"><a href=\"https:\/\/www.pppy.fi\/wp-content\/uploads\/2026\/03\/IMG_6977-Viron-Sotamuseon-informatiivista-tekstia.jpeg\"><img decoding=\"async\" src=\"https:\/\/www.pppy.fi\/wp-content\/uploads\/2026\/03\/IMG_6977-Viron-Sotamuseon-informatiivista-tekstia.jpeg\" alt=\"\" class=\"wp-image-1801\" style=\"width:366px;height:auto\"\/><\/a><figcaption class=\"wp-element-caption\">Viron Sotamuseon informatiivista teksti\u00e4<\/figcaption><\/figure><\/div><\/div>\n\n\n\n<div class=\"wp-block-column is-layout-flow wp-block-column-is-layout-flow\">\n<figure class=\"wp-block-image size-full\"><a href=\"https:\/\/www.pppy.fi\/wp-content\/uploads\/2026\/03\/IMG_6979-Armeijan-nykypaivaa-Kuperjanovin-Patajoona.jpeg\"><img decoding=\"async\" src=\"https:\/\/www.pppy.fi\/wp-content\/uploads\/2026\/03\/IMG_6979-Armeijan-nykypaivaa-Kuperjanovin-Patajoona.jpeg\" alt=\"\" class=\"wp-image-1802\"\/><\/a><figcaption class=\"wp-element-caption\">Armeijan nykyp\u00e4iv\u00e4\u00e4 &#8211; Kuperjanovin Pataljoona<\/figcaption><\/figure>\n<\/div>\n<\/div>\n\n\n\n<p><strong>Taas kerran upea sotahistoria- ja kulttuuriretki Tuomon johdolla! Kiitos, Tuomo!<\/strong><\/p>\n\n\n\n<p><br><strong>Kiitos VAPETAS`lle ja Jounille hienosta yhteisprojektista. Kiitos my\u00f6s Tuulalle ja V-H:lle! Uusi konsepti<br>Salon Matkatoimiston siipien suojassa toimii &#8211; ainakin meid\u00e4n kannaltamme katsottuna. T\u00e4rkeint\u00e4 on se,<br>ett\u00e4 me saamme edelleen liikkua Tuovisten sinisell\u00e4 bussilla ja mieluiten V-H:n itse kuljettamana!<\/strong><\/p>\n\n\n\n<p><br><strong>Kale<\/strong><\/p>\n\n\n\n<p><br>(Kuvat &#8211; Matti Luokola sek\u00e4 Seija ja Kalervo Sipi)<\/p>\n","protected":false},"excerpt":{"rendered":"<p>Osallistuimme t\u00e4n\u00e4 vuonna Viron ja Latvian vapaussotien 107-vuotisjuhlallisuuksiin, Virossa 31.1.pienell\u00e4 delegaatiolla ja Latvian Aluksnessa 20.2. yhteismatkalla Vapaussodan Tampereen seudunPerinneyhdistyksen kanssa (VAPETAS).Viron vapaussodan muistotilaisuuksissa me olimme Latvian matkamme valmisteluun liittyen mukanakolmen hengen joukolla &#8211; Kale, Tuomo ja Jouni Koskela, Vapaussodan Perinneliiton ja VAPETAS-puheenjohtaja.J\u00e4lleen hyvin j\u00e4rjestetyss\u00e4 &#8211; Valgan Sotamuseon johtajan Meelis Kiven ja Kaitseliitin Valgan paikallisjohtajanKaido Lusikin johtamassa &#8211; hienosti suunnitellussa ja toteutetussa ohjelmassa oli ensin vuorossakunnianosoitus Pohjan Poikien marmoritaululla Valgan kirkolla. Siell\u00e4 Kale piti muistopuheen suomalaisillesankareilla&hellip; <\/p>\n","protected":false},"author":1,"featured_media":0,"parent":0,"menu_order":0,"comment_status":"closed","ping_status":"closed","template":"","meta":{"footnotes":""},"class_list":["post-1786","page","type-page","status-publish","hentry"],"_links":{"self":[{"href":"https:\/\/www.pppy.fi\/index.php\/wp-json\/wp\/v2\/pages\/1786","targetHints":{"allow":["GET"]}}],"collection":[{"href":"https:\/\/www.pppy.fi\/index.php\/wp-json\/wp\/v2\/pages"}],"about":[{"href":"https:\/\/www.pppy.fi\/index.php\/wp-json\/wp\/v2\/types\/page"}],"author":[{"embeddable":true,"href":"https:\/\/www.pppy.fi\/index.php\/wp-json\/wp\/v2\/users\/1"}],"replies":[{"embeddable":true,"href":"https:\/\/www.pppy.fi\/index.php\/wp-json\/wp\/v2\/comments?post=1786"}],"version-history":[{"count":2,"href":"https:\/\/www.pppy.fi\/index.php\/wp-json\/wp\/v2\/pages\/1786\/revisions"}],"predecessor-version":[{"id":1808,"href":"https:\/\/www.pppy.fi\/index.php\/wp-json\/wp\/v2\/pages\/1786\/revisions\/1808"}],"wp:attachment":[{"href":"https:\/\/www.pppy.fi\/index.php\/wp-json\/wp\/v2\/media?parent=1786"}],"curies":[{"name":"wp","href":"https:\/\/api.w.org\/{rel}","templated":true}]}}