{"id":1722,"date":"2025-03-10T17:21:42","date_gmt":"2025-03-10T17:21:42","guid":{"rendered":"https:\/\/www.pppy.fi\/?page_id=1722"},"modified":"2025-03-10T17:21:43","modified_gmt":"2025-03-10T17:21:43","slug":"toimintakertomus-2024","status":"publish","type":"page","link":"https:\/\/www.pppy.fi\/index.php\/toimintakertomus-2024\/","title":{"rendered":"Toimintakertomus 2024"},"content":{"rendered":"\n<p>Kertomuskausi oli vuonna 2006 perustetun yhdistyksemme 19. toimintavuosi. &#8211; Ven\u00e4j\u00e4n laiton ja provosoimaton t\u00e4ysimittainen hy\u00f6kk\u00e4ys Ukrainassa on kest\u00e4nyt jo reilusti yli 1&nbsp;000 p\u00e4iv\u00e4\u00e4. Suomen tuki Ukrainalle on ollut vankkumatonta. Ukraina taistelee itsen\u00e4isyydest\u00e4\u00e4n, itsem\u00e4\u00e4r\u00e4\u00e4misoikeudestaan ja alueellisesta koskemattomuudestaan, niin kuin me talvi- ja jatkosodassamme.<\/p>\n\n\n\n<p>Suomeen ei t\u00e4ll\u00e4 hetkell\u00e4 kohdistu v\u00e4lit\u00f6nt\u00e4 sodan uhkaa. T\u00e4m\u00e4 ei kuitenkaan tarkoita, ett\u00e4 Ven\u00e4j\u00e4 olisi lakannut olemasta suurin turvallisuusuhkamme. Yhteen hiileen puhaltaen me olemme vaikeina aikoina p\u00e4rj\u00e4nnet &#8211; yhdess\u00e4! Niin nytkin.<\/p>\n\n\n\n<p>En\u00e4\u00e4 me emme ole yksin. 30 vuotta sitten liityimme EU:in ja t\u00e4n\u00e4\u00e4n olemme Naton 31. j\u00e4senmaa. Suomen ratkaisussa toiminnan perustana ovat vahva kansallinen puolustus ja yhteiskunnan kokonaisturvallisuus. Turvallisuusymp\u00e4rist\u00f6n muutoksessa me olemme osoittaneet kyky\u00e4 ja tahtoa toimia. Suomi on reagoinut muutokseen!<\/p>\n\n\n\n<p>Kaikesta huolimatta me olemme t\u00e4ss\u00e4 muuttuneessa, poikkeuksellisen j\u00e4nnittyneess\u00e4 ja ep\u00e4vakaassa maailmantilanteessa saaneet yhdistyksen\u00e4 paljon aikaan.<\/p>\n\n\n\n<p>Toimikauden aikana siirtyi kolme j\u00e4sent\u00e4mme &#8211; Lasse Talasrinne, Kari Saarinen ja Olli Vuorio &#8211; ajasta i\u00e4isyyteen. <strong>Lasse Talasrinne<\/strong> (23.1.1951 &#8211; 16.6.2024) oli Pajarin Irja-tytt\u00e4ren poika. \u201dPajarin Poika\u201d <strong>Olli Vuorio <\/strong>(6.9.1919 &#8211; 21.12.2024) oli \u201dikikaaderi\u201d ja viimeinen sodank\u00e4ynyt kadettiupseeri. H\u00e4n taisteli JR 6:ssa 1941-42.<\/p>\n\n\n\n<p>Kunniapuheenjohtajamme <strong>Helena Turpeinen t\u00e4ytti 30. tammikuuta 80 vuotta<\/strong>. Pajun taistelun 105-vuotisjuhlamatkaan liittyen h\u00e4nelle tarjottiin juhlaillallinen Hotelli \u201dMetsiksess\u00e4\u201d Valgassa ja luovutettiin yhdistyksen lahjana hemmottelumatka \u201dRakvere Aqva Spa\u201d kylpyl\u00e4hotelliin maaliskuussa 2024.<\/p>\n\n\n\n<p>PPPY on yksi 23.5.2022 perustetun <strong>Sotien 1939-1945 Pirkanmaan Perinneyhdistys ry:n <\/strong>perustajaj\u00e4senist\u00e4.<\/p>\n\n\n\n<p>Yhdistyksen <strong>vuosikokous pidettiin ma 18.3.2024 <\/strong>Ravintola Vaskit\u00e4hdess\u00e4. Kokouksen puheenjohtajana toimi Jorma Kuoppala ja sihteerin\u00e4 Helena Turpeinen. L\u00e4sn\u00e4 oli 40 henkil\u00f6\u00e4. &#8211; Yhdistyksen puheenjohtajaksi vuodelle 2024 valittiin jatkamaan kenraalimajuri Kalervo Sipi. Vakiintuneen k\u00e4yt\u00e4nn\u00f6n mukaan hallituksen j\u00e4senten toimikausi on kaksi vuotta. Nyt valittiin vuosiksi 2024 &#8211; 2025 uudelleen Erkki Eskelinen ja Tuomo Juntunen sek\u00e4 uutena Antti Keskinen. Hallituksessa jatkavat vuosiksi 2023 &#8211; 2024 valitut Iiris Lehmuskentt\u00e4 ja Jarmo Talasrinne. &#8211; Tuomo Juntunen piti mielenkiintoisen ja vilkkaan keskustelun kirvoittaneen esitelm\u00e4n aiheenaan <em>&#8220;Operaatio Suursaari 1942&#8221;.<\/em><\/p>\n\n\n\n<p>Ennen varsinaisia kokousasioita puheenjohtaja luovutti <strong>Tuomo Juntuselle<\/strong> Keskuskauppakamarin h\u00e4nelle my\u00f6nt\u00e4m\u00e4n <strong>Kultainen el\u00e4m\u00e4nty\u00f6merkin<\/strong> &#8211; \u201dtunnustuksena vuosien ansiokkaasta ty\u00f6st\u00e4 maan elinkeinoel\u00e4m\u00e4n hyv\u00e4ksi\u201d. Asiassa oli aktiivisesti toiminut Jorma Kuoppala.<\/p>\n\n\n\n<p>Kokouksen lopuksi julkistettiin hallituksen <strong>Hannu Wirolalle<\/strong> my\u00f6nt\u00e4m\u00e4 <strong>A.O. Pajari &#8211; Muistolevyke nro 33 <\/strong>kiitokseksi h\u00e4nen yhdistyksen perustamisesta l\u00e4htien alkaneesta hallitusj\u00e4senyydest\u00e4 ja h\u00e4nen t\u00e4h\u00e4nastisesta panoksestaan yhdistyksen eteen. Levyke luovutettiin Hannulle 2.6.2024Heraman Asevelimajalla tilaisuudessa, jossa h\u00e4n my\u00f6s sai TP:n avoimen kirjeen sotakamreerinimityksest\u00e4 (19.4.2024).<\/p>\n\n\n\n<p>PPPY:n hallituksessa on kertomusvuonna toiminut varapj:na Jarmo Talasrinne, Tuomo Juntunen Pajari-tutkimuksen vet\u00e4j\u00e4n\u00e4 ja Antti Keskinen lippu-upseerina. Yhdistyksen sihteerin\u00e4 ja taloudenhoitajana on ollut kunniapuheenjohtajamme Helena Turpeinen. Matkatoimikuntaan ovat kuuluneet Tuomo Juntunen, Erkki Eskelinen ja Helena Turpeinen. Toiminnantarkastajana on ollut Hannu Routamaa ja h\u00e4nen varamiehen\u00e4\u00e4n Veikko Parkkinen.<\/p>\n\n\n\n<p>Yhdistyksen j\u00e4senm\u00e4\u00e4r\u00e4 oli vuoden lopulla 203 henkil\u00f6\u00e4. Toimintavuoden aikana uusia j\u00e4seni\u00e4 on liittynyt 14 ja itse eronnut tai erotettu j\u00e4senmaksun laiminly\u00f6nnin takia yhdeks\u00e4n henkil\u00f6\u00e4. J\u00e4senmaksu oli edelleen 20,-.<\/p>\n\n\n\n<p>Hallitus piti vuoden aikana nelj\u00e4 (4) kokousta, joista s\u00e4hk\u00f6postitse kaksi (2) ja l\u00e4hetti kolme (3) j\u00e4senkirjett\u00e4.<\/p>\n\n\n\n<p>Yhdistyksemme lippu oli kertomusvuonna Hannu Wirolan ja Martti Tiitolan toimesta su 28.1. Tammisunnuntain messun lippulinnassa Tuomiokirkossa ja ke 31.1. Suinulan muistomerkill\u00e4. 4.6. Kalevankankaalla kantajana oli Mikko Keskinen ja Mannerheimin patsaalla Hannu. Pe 6.12. lippumme oli Martin kantamana Kangasalan sankarihaudalla. Pajari-p\u00e4iv\u00e4n\u00e4 ke 11.12. Kalevankankaalla lippuosastoa komensi perinteisesti Hannu ja toisena lippu-upseerina toimi Lauri Wirola. Martti kantoi lippua sek\u00e4 Kalevankankaalla ett\u00e4 Kalevan lukiolla. Lippumme oli la 21.12. \u201dPajarin Pojan\u201d Aarne K\u00e4hk\u00f6sen siunaustilaisuudessa Kangasalla Huutij\u00e4rven kappelissa ja Hannun ja Martin toimesta Tapaninp\u00e4iv\u00e4n Perinneratsastuksessa Kangasalla.<\/p>\n\n\n\n<p>Ohjelmassamme oli j\u00e4lleen laadukas <strong>sotahistoria- ja kulttuurimatka<\/strong>,t\u00e4ll\u00e4 kertaa <strong>Gotlantiin ja \u00d6\u00f6lantiin <\/strong><strong>26. &#8211; 31.5.2024<\/strong>! N\u00e4imme ja koimme paljon mielenkiintoista: Saavuimme 27.5. Viking Gracella Turusta Ruotsiin ja matkustimme sitten turvallisesti Tuovisen bussilla ja yhteyslaivalla Visbyhyn. Ensimm\u00e4isen\u00e4 ohjelmanumeronamme oli H\u00f6gklintin upealla n\u00e4k\u00f6alapaikalla Sinisen Ristin luovutus Veli-Heikille &#8211; ja Tuulalle kotiin viet\u00e4v\u00e4ksi &#8211; kruunaten tapahtuma juhlallisesti samppanjalla. Nautittiin ensimm\u00e4inen kentt\u00e4lounas &#8211; ja se toimi! Iltap\u00e4iv\u00e4ll\u00e4 tutustuimme laivahautaan, Lojstan linnaan ja ihastelimme raukkialuetta Ljugarnissa. P\u00e4iv\u00e4n viimeisen\u00e4 kohteena oli Galgbergetin hirsipuukukkula. Majoitus Visbyss\u00e4.<\/p>\n\n\n\n<p>Kolmannen p\u00e4iv\u00e4n ohjelmassa oli kierros pohjois-Gotlannissa ensimm\u00e4isen\u00e4 kohteena Roma Kloster. Saaren pohjoisosassa F\u00e5r\u00f6sundissa k\u00e4vimme mielenkiitoisella linnakkeella. Kentt\u00e4lounas B\u00e4stetr\u00e4skin rannalla. Iltap\u00e4iv\u00e4ll\u00e4 ihailimme Lickershamnissa traagisen tarinan Jungfru-raukkia. P\u00e4iv\u00e4n viimeisen\u00e4 kohteena oli Tingst\u00e4den linnoitus. Sen j\u00e4lkeen siirryimme laivalla Visbyst\u00e4 Oskarshamniin, jossa y\u00f6vyimme.<\/p>\n\n\n\n<p>Seuraavana p\u00e4iv\u00e4n\u00e4 ylitimme hulppean kuuden kilometrin mittaisen sillan \u00d6\u00f6lantiin ja tutustuimme siell\u00e4 saaren etel\u00e4osaan. Kohteina olivat Karlevin riimukivi, Gettlingen haudat, suojeluskunnan korsut, tulenjohtobunkkeri ja Kaarle X:n muuri. Kentt\u00e4lounaan nautimme todella upealla paikalla majakan \u201dL\u00e5nge Jan\u201d luona. Iltap\u00e4iv\u00e4ll\u00e4 ihastelumme kohteena olivat Pyh\u00e4n Johanneksen kappelin rauniot, Kuninkaankivet, mystinen radiotiedusteluasema ja pari linnoitusta. Illaksi ajoimme St\u00f6rlingen tuulimyllyjen kautta Borgholmiin, jossa y\u00f6vyimme.<\/p>\n\n\n\n<p>Viidenten\u00e4 p\u00e4iv\u00e4n\u00e4 kohteena oli ensin Gilbergan tuulimylly ja sitten kaikkien naisten suosikki kuninkaallisten kes\u00e4paratiisi Solliden. Seuraavaksi alkoi kotimatka. Kentt\u00e4lounas Em\u00e4joen P-paikalla ja kentt\u00e4kahvit avec huoltoasemalla Stavsj\u00f6ssa. Viking Glorylla Turkuun ja sielt\u00e4 kotiin.<\/p>\n\n\n\n<p>Matka onnistui erinomaisesti! Tuomo ja Esse olivat j\u00e4lleen laatineet loistavan ja vaiherikkaan ohjelman, josta heille isot kiitokset! Meit\u00e4 oli mukana 31 henkil\u00f6\u00e4. Matkan vastuullisena j\u00e4rjest\u00e4j\u00e4n\u00e4 toimi taas laadukkaasti V-H Tuovinen. &#8211; Essen laatima kuvallinen matkaraportti on kotisivuillamme.<\/p>\n\n\n\n<p>Vuoden eitt\u00e4m\u00e4t\u00f6n p\u00e4\u00e4tilaisuus ja varmasti historiaan j\u00e4\u00e4v\u00e4 tapahtuma olivat yhdess\u00e4 Asikkalan kunnan kanssa <strong>keskiviikkona 16.10.2024<\/strong> j\u00e4rjest\u00e4m\u00e4mme kaksi merkitt\u00e4v\u00e4\u00e4 tilaisuutta kunnianosoituksena kahdelle Asikkalassa syntyneelle Mannerheim-ristin ritarille, Aaro Pajarille ja Kalervo Loimulle. P\u00e4iv\u00e4n ohjelmassa olivat <strong>n\u00e4yttelyn avaus Tammenlehv\u00e4talossa<\/strong> sek\u00e4 <strong>maanpuolustusjuhla V\u00e4\u00e4ksyn yhteiskoulussa<\/strong>. Perinnep\u00e4iv\u00e4 alkoi kukkalaitteiden laskulla Aaro Pajarin muistopaadelle Asikkalan kirkonm\u00e4ell\u00e4, jossa Hannu Wirola oli kunniavartiossa ja Martti Tiitola lipun kanssa.<\/p>\n\n\n\n<p>Tammenlehv\u00e4talossa avatun n\u00e4yttelyn teemana oli <strong>\u201dKaksinkertainen Mannerheim-ristin ritari nro 12 Aaro Pajari ja Mannerheim-ristin ritari nro 158 Kalervo Loimu \u2013 Asikkalassa syntyneet\u201d<\/strong>. N\u00e4yttelyn materiaalin on koonnut sotahistorian ja Pajarin tuntijamme Tuomo ja sen pystytti yhteisty\u00f6ss\u00e4 Tuomon kanssa Asikkalan kunnan kulttuurituottaja Solja J\u00e4rvenp\u00e4\u00e4. N\u00e4yttely on avoinna yleis\u00f6lle lokakuuhun 2025 asti &#8211; p\u00e4\u00e4s\u00e4\u00e4nt\u00f6isesti lauantaisin.<\/p>\n\n\n\n<p>P\u00e4\u00e4tapahtumana j\u00e4rjestimme yhdess\u00e4 sik\u00e4l\u00e4isten kanssa upealla ohjelmalla<strong> maanpuolustusjuhlan V\u00e4\u00e4ksyn yhteiskoululla teemalla <\/strong><strong>\u201dAsikkalan omat ritarit\u201d<\/strong>. Lippuamme kantoi Martti Tiitola.<\/p>\n\n\n\n<p>P\u00e4iv\u00e4n musiikista vastasi MPK H\u00e4meen soittokunta Tampereelta kapellimestarinaan Pekka Ahonen.<\/p>\n\n\n\n<p>Asikkalassa j\u00e4rjest\u00e4m\u00e4mme maanpuolustusjuhla sai yleis\u00f6lt\u00e4 ja kunnalta kokonaisuudessaan hienon palautteen! &#8211; Laatimani perusteellinen raportti Asikkala-juhlasta l\u00f6ytyy kotisivuiltamme.<\/p>\n\n\n\n<p>Kalevan lukiolla j\u00e4rjestettiin <strong>ke 11.12.2024<\/strong> perinteinen talvisodan Tolvaj\u00e4rven taistelujen muistoksi vietett\u00e4v\u00e4 <strong>Pajari-p\u00e4iv\u00e4<\/strong>. Tapahtuman toimeenpanijana kanssamme oli tuttuun tapaan Pirkanmaan aluetoimisto. Kolmatta kertaa juhla oli my\u00f6s Maanpuolustuskoulutusyhdistys MPK H\u00e4meen maanpuolustuspiirin vuosip\u00e4iv\u00e4.<\/p>\n\n\n\n<p>Tilaisuus on Aaro Pajarin johtamien joukkojen perinteiden pirkanmaalaisten vaalijoiden perinnep\u00e4iv\u00e4: Tampereen maakuntakomppania &#8211; JR 18 ja Tolvaj\u00e4rven taistelut ja Pirkanmaan maakuntakomppania &#8211; JR 27 ja Hopeasalmen taistelut. &#8211; Mukana oli j\u00e4lleen my\u00f6s Satakunnan lennoston Suojauskomppania.<\/p>\n\n\n\n<p>P\u00e4iv\u00e4 alkoi kunnianosoituksilla Kalevankaan hautausmaan Sankariristill\u00e4 ja Pajarin muistomerkill\u00e4. Kalevan lukion p\u00e4\u00e4juhlassa oli puheenjohtajan tervetulotoivotuksen j\u00e4lkeen vuorossa kunkin osallistujatahon tervehdys ja palkitsemiset.<\/p>\n\n\n\n<p>T\u00e4ll\u00e4 kertaa piti juhlassa sen ohjelmaan perinteisesti kuuluvan historiallisen esitelm\u00e4n toinen historian tuntijamme Erkki Eskelinen otsikolla <em>\u201dTornion valtaus\u201d.<\/em> Se oli kronologinen jatko Tuomon aiempiin Pajari-p\u00e4ivien esityksiin ja t\u00e4m\u00e4kin perusteellinen ja mielenkiintoinen!<\/p>\n\n\n\n<p>Luovutin tilaisuuden lopuksi yhdess\u00e4 Vapaussodan Perinneliiton nykyisen puheenjohtajan Jouni Koskelan kanssa <strong>Sinisen Ristin havunoksatunnuksella Asikkalan kunnan kulttuurituottaja Solja J\u00e4rvenp\u00e4\u00e4lle<\/strong>. Yhten\u00e4 perusteluna ristiesitykselle oli Solja J\u00e4rvenp\u00e4\u00e4 panos 16.10.2024 Asikkala-tapahtuman eteen. <em>\u201dIlman Soljaa me Tuomon kanssa olisimme olleet pulassa!\u201d <\/em>totesin lopuksi.<\/p>\n\n\n\n<p>Toiseksi luovutin yhdess\u00e4 Helenan kanssa perinneyhdistyksen korkeimman huomionosoituksen <strong>\u201d<\/strong><em><strong>A.O. Pajari Muistolevykkeen\u201d<\/strong><\/em><strong> numero 34 Iiris Lehmuskent\u00e4lle<\/strong> ja<strong> numero 35 Ilkka Pikkolalle<\/strong> saatesanoin \u201dYhdistyksemme eteen tekem\u00e4st\u00e4si arvokkaasta ty\u00f6st\u00e4 l\u00e4mpim\u00e4sti kiitt\u00e4en!\u201d Molemmat levykkeen saajat ovat \u201dPajarin Poikien\u201d j\u00e4lkel\u00e4isi\u00e4: Iiriksen is\u00e4 Helge Lehmuskentt\u00e4 taisteli jatkosodassa 18. D:n J\u00e4\u00e4k\u00e4rikomppaniassa, \u201dPajarin Nyrkiss\u00e4\u201d. Ilkan is\u00e4 Lauri Pikkola taisteli Pajarin joukoissa sek\u00e4 talvi- ett\u00e4 jatkosodassa.<\/p>\n\n\n\n<p>Tilaisuuden juhlavasta musiikista vastasi MPK H\u00e4meen soittokunta kapellimestarinaan Pekka Ahonen. Juhla p\u00e4\u00e4ttyi yhdess\u00e4 seisten laulettuun \u201dKes\u00e4p\u00e4iv\u00e4 Kangasalla\u201d.<\/p>\n\n\n\n<p>Paikalla oli l\u00e4hes 200 henkil\u00f6\u00e4! &#8211; Raportti p\u00e4iv\u00e4n kulusta on kotisivuillamme.<\/p>\n\n\n\n<p>MPKK:n Jatkotutkinto-osasto j\u00e4rjesti <strong>Tolvaj\u00e4rven taistelujen perinnep\u00e4iv\u00e4n pe 1.11.2024<\/strong> SKK:n 100-vuotisjuhlap\u00e4iv\u00e4\u00e4n liittyen. Meilt\u00e4 osallistui Helena, Kale, Jarmo ja Harri Virtapohja.<\/p>\n\n\n\n<p><a><\/a>Helena, Seija ja Kale sek\u00e4 Tuomo osallistuivat <strong>Pajun taistelun ja Viron vapautumisen 105. vuosip\u00e4iv\u00e4\u00e4n Valgassa ja Pajussa 31.1.2024<\/strong>. Seppeleen laskut \u201dPohjan Poikien\u201d muistoa kunnioittaen Valgan kirkolla (Seija Sipi ja Tuomo) ja Pajun kartanolla muistokivell\u00e4 (Kale ja Tuomo).<\/p>\n\n\n\n<p>Toimintavuonna jatkettiin Helena ja Kari Turpeisen aloittamaa Pajarin arkiston tutkimista ja luettelointia. K\u00e4ytt\u00f6\u00f6n saatiin <strong>Lauri Haanter\u00e4<\/strong>-materiaalia luovuttajana Jussi-pojan poika Simo.<\/p>\n\n\n\n<p>J\u00e4senet ovat osallistuneet Tampereen seudulla j\u00e4rjestettyihin maanpuolustus- ja perinnetilaisuuksiin.<\/p>\n\n\n\n<p>Yhdistyksell\u00e4mme on osoitteessa <a href=\"https:\/\/www.pppy.fi\">https:\/\/www.pppy.fi<\/a> kotisivut. Ne alkavat olla monipuolisia ja mielenkiintoisia. N\u00e4kyvyytt\u00e4mme lis\u00e4siv\u00e4t j\u00e4lleen Markku Rauhalahden monet kuvat Moron \u201dMeir\u00e4n kekkerit\u201d-palstalla.<\/p>\n\n\n\n<p>Kirjanpidostamme vastaa Tilitoimisto Aallon Tampere Oy.<\/p>\n\n\n\n<p><strong>Kunniateht\u00e4v\u00e4mme on vaalia kahden Mannerheim-ristin ritarin, kenraalimajuri Aaro Olavi Pajarin muistoa ja h\u00e4nen joukoissaan taistelleiden perinteit\u00e4. N\u00e4in me olemme sit\u00e4 toteuttaneet onnistuneesti vuonna 2024.<\/strong><\/p>\n\n\n\n<p><strong>Tampereella 18. maaliskuuta 2025<\/strong><\/p>\n\n\n\n<p><strong>Kalervo Sipi<\/strong><\/p>\n\n\n\n<p><strong>puheenjohtaja<\/strong><\/p>\n","protected":false},"excerpt":{"rendered":"<p>Kertomuskausi oli vuonna 2006 perustetun yhdistyksemme 19. toimintavuosi. &#8211; Ven\u00e4j\u00e4n laiton ja provosoimaton t\u00e4ysimittainen hy\u00f6kk\u00e4ys Ukrainassa on kest\u00e4nyt jo reilusti yli 1&nbsp;000 p\u00e4iv\u00e4\u00e4. Suomen tuki Ukrainalle on ollut vankkumatonta. Ukraina taistelee itsen\u00e4isyydest\u00e4\u00e4n, itsem\u00e4\u00e4r\u00e4\u00e4misoikeudestaan ja alueellisesta koskemattomuudestaan, niin kuin me talvi- ja jatkosodassamme. Suomeen ei t\u00e4ll\u00e4 hetkell\u00e4 kohdistu v\u00e4lit\u00f6nt\u00e4 sodan uhkaa. T\u00e4m\u00e4 ei kuitenkaan tarkoita, ett\u00e4 Ven\u00e4j\u00e4 olisi lakannut olemasta suurin turvallisuusuhkamme. Yhteen hiileen puhaltaen me olemme vaikeina aikoina p\u00e4rj\u00e4nnet &#8211; yhdess\u00e4! Niin nytkin. En\u00e4\u00e4 me&hellip; <\/p>\n","protected":false},"author":1,"featured_media":0,"parent":0,"menu_order":0,"comment_status":"closed","ping_status":"closed","template":"","meta":{"footnotes":""},"class_list":["post-1722","page","type-page","status-publish","hentry"],"_links":{"self":[{"href":"https:\/\/www.pppy.fi\/index.php\/wp-json\/wp\/v2\/pages\/1722","targetHints":{"allow":["GET"]}}],"collection":[{"href":"https:\/\/www.pppy.fi\/index.php\/wp-json\/wp\/v2\/pages"}],"about":[{"href":"https:\/\/www.pppy.fi\/index.php\/wp-json\/wp\/v2\/types\/page"}],"author":[{"embeddable":true,"href":"https:\/\/www.pppy.fi\/index.php\/wp-json\/wp\/v2\/users\/1"}],"replies":[{"embeddable":true,"href":"https:\/\/www.pppy.fi\/index.php\/wp-json\/wp\/v2\/comments?post=1722"}],"version-history":[{"count":1,"href":"https:\/\/www.pppy.fi\/index.php\/wp-json\/wp\/v2\/pages\/1722\/revisions"}],"predecessor-version":[{"id":1724,"href":"https:\/\/www.pppy.fi\/index.php\/wp-json\/wp\/v2\/pages\/1722\/revisions\/1724"}],"wp:attachment":[{"href":"https:\/\/www.pppy.fi\/index.php\/wp-json\/wp\/v2\/media?parent=1722"}],"curies":[{"name":"wp","href":"https:\/\/api.w.org\/{rel}","templated":true}]}}