{"id":17,"date":"2021-05-07T09:11:09","date_gmt":"2021-05-07T09:11:09","guid":{"rendered":"http:\/\/www.pppy.fi\/?page_id=17"},"modified":"2023-01-27T10:02:25","modified_gmt":"2023-01-27T10:02:25","slug":"verkkonayttely","status":"publish","type":"page","link":"https:\/\/www.pppy.fi\/index.php\/verkkonayttely\/","title":{"rendered":"A. O. Pajari 125 v."},"content":{"rendered":"\n<p class=\"has-text-align-center has-content-heading-font-size\"><strong>Kenraali Aaro Pajari 125 vuotta verkkon\u00e4yttely<\/strong><\/p>\n\n\n<div class=\"wp-block-image\">\n<figure class=\"aligncenter size-medium\"><img loading=\"lazy\" decoding=\"async\" width=\"300\" height=\"209\" src=\"https:\/\/www.pppy.fi\/wp-content\/uploads\/2021\/05\/Jampelle-4-300x209.jpg\" alt=\"\" class=\"wp-image-89\" srcset=\"https:\/\/www.pppy.fi\/wp-content\/uploads\/2021\/05\/Jampelle-4-300x209.jpg 300w, https:\/\/www.pppy.fi\/wp-content\/uploads\/2021\/05\/Jampelle-4-1024x712.jpg 1024w, https:\/\/www.pppy.fi\/wp-content\/uploads\/2021\/05\/Jampelle-4-768x534.jpg 768w, https:\/\/www.pppy.fi\/wp-content\/uploads\/2021\/05\/Jampelle-4-1536x1068.jpg 1536w, https:\/\/www.pppy.fi\/wp-content\/uploads\/2021\/05\/Jampelle-4-2048x1424.jpg 2048w\" sizes=\"auto, (max-width: 300px) 100vw, 300px\" \/><\/figure><\/div>\n\n\n<div style=\"height:33px\" aria-hidden=\"true\" class=\"wp-block-spacer\"><\/div>\n\n\n\n<hr class=\"wp-block-separator has-alpha-channel-opacity is-style-wide\"\/>\n\n\n\n<div style=\"height:33px\" aria-hidden=\"true\" class=\"wp-block-spacer\"><\/div>\n\n\n\n<center><figure class=\"wp-block-embed is-type-video is-provider-youtube wp-block-embed-youtube wp-embed-aspect-16-9 wp-has-aspect-ratio\"><div class=\"wp-block-embed__wrapper\">\n<iframe loading=\"lazy\" title=\"Kenraali Pajari 125 -Pirkkah\u00e4m\u00e4l\u00e4iset Kannaksella vers 2022\" width=\"640\" height=\"360\" src=\"https:\/\/www.youtube.com\/embed\/kAk8X4mGDRg?feature=oembed\" frameborder=\"0\" allow=\"accelerometer; autoplay; clipboard-write; encrypted-media; gyroscope; picture-in-picture; web-share\" referrerpolicy=\"strict-origin-when-cross-origin\" allowfullscreen><\/iframe>\n<\/div><\/figure><\/center>\n\n\n\n<div style=\"height:42px\" aria-hidden=\"true\" class=\"wp-block-spacer\"><\/div>\n\n\n\n<hr class=\"wp-block-separator has-alpha-channel-opacity is-style-wide\"\/>\n\n\n\n<div style=\"height:51px\" aria-hidden=\"true\" class=\"wp-block-spacer\"><\/div>\n\n\n\n<center><div style=\"float:left;padding:3px;\">\n<iframe loading=\"lazy\" width=\"480\" height=\"300\" src=\"https:\/\/www.youtube.com\/embed\/qDm49DCXqLY\" title=\"Kenraali Aaro Olavi Pajari 125 vuotta henkil\u00f6kuva\" frameborder=\"0\" allow=\"accelerometer; autoplay; clipboard-write; encrypted-media; gyroscope; picture-in-picture; web-share\" allowfullscreen=\"\"><\/iframe>\n<\/div><\/center>\n\n<div style=\"float:right;padding:3px;\">\n<iframe loading=\"lazy\" width=\"480\" height=\"300\" src=\"https:\/\/www.youtube.com\/embed\/bbxFGRybdRs\" title=\"Kenraali A.O. Pajari 125v. \/ PAJARIN POJAT KANGASALAN POHTIOLAMMELLA\" frameborder=\"0\" allow=\"accelerometer; autoplay; clipboard-write; encrypted-media; gyroscope; picture-in-picture; web-share\" allowfullscreen=\"\"><\/iframe>\n<\/div>\n\n\n\n<div style=\"height:41px\" aria-hidden=\"true\" class=\"wp-block-spacer\"><\/div>\n\n\n\n<hr class=\"wp-block-separator has-alpha-channel-opacity is-style-wide\"\/>\n\n\n\n<div style=\"height:44px\" aria-hidden=\"true\" class=\"wp-block-spacer\"><\/div>\n\n\n\n<div style=\"float:left;padding:3px;\">\n<iframe loading=\"lazy\" width=\"480\" height=\"300\" src=\"https:\/\/www.youtube.com\/embed\/0wUvYdHr7Yg\" title=\"Pohjoish\u00e4m\u00e4l\u00e4iset Pajarin johdolla Tolvaj\u00e4rvell\u00e4\" frameborder=\"0\" allow=\"accelerometer; autoplay; clipboard-write; encrypted-media; gyroscope; picture-in-picture; web-share\" allowfullscreen=\"\"><\/iframe>\n<\/div>\n\n<div style=\"float:right;padding:3px;\">\n<iframe loading=\"lazy\" width=\"480\" height=\"300\" src=\"https:\/\/www.youtube.com\/embed\/qupB5_kgBZs\" title=\"Suursaari albumi Pajari 125v\" frameborder=\"0\" allow=\"accelerometer; autoplay; clipboard-write; encrypted-media; gyroscope; picture-in-picture; web-share\" allowfullscreen=\"\"><\/iframe>\n<\/div>\n\n\n\n<div style=\"height:49px\" aria-hidden=\"true\" class=\"wp-block-spacer\"><\/div>\n\n\n\n<hr class=\"wp-block-separator has-alpha-channel-opacity is-style-wide\"\/>\n\n\n\n<div style=\"height:41px\" aria-hidden=\"true\" class=\"wp-block-spacer\"><\/div>\n\n\n\n<div style=\"float:left;padding:3px;\">\n<iframe loading=\"lazy\" width=\"480\" height=\"300\" src=\"https:\/\/www.youtube.com\/embed\/gWeHQdCgCpw\" title=\"Tuomo Juntunen:Juhlaesitelm\u00e4 \" matkailumajan=\"\" taistelu,=\"\" avain=\"\" tolvaj\u00e4rven=\"\" suurvoittoon=\"\" 12.12.=\"\" 1939\"\"=\"\" frameborder=\"0\" allow=\"accelerometer; autoplay; clipboard-write; encrypted-media; gyroscope; picture-in-picture; web-share\" allowfullscreen=\"\"><\/iframe>\n<\/div>\n\n<div style=\"float:right;padding:3px;\">\n<iframe loading=\"lazy\" width=\"480\" height=\"300\" src=\"https:\/\/www.youtube.com\/embed\/wOxVu9LyV9Y\" title=\"Kenraalimajuri evp Kalervo Sipi: Avaus ja \" ajatuksia=\"\" aaro=\"\" pajarin=\"\" sotatiest\u00e4\"\"=\"\" frameborder=\"0\" allow=\"accelerometer; autoplay; clipboard-write; encrypted-media; gyroscope; picture-in-picture; web-share\" allowfullscreen=\"\"><\/iframe>\n<\/div>\n","protected":false},"excerpt":{"rendered":"<p>Kenraali Aaro Pajari 125 vuotta verkkon\u00e4yttely<\/p>\n","protected":false},"author":1,"featured_media":0,"parent":0,"menu_order":0,"comment_status":"closed","ping_status":"closed","template":"","meta":{"footnotes":""},"class_list":["post-17","page","type-page","status-publish","hentry"],"_links":{"self":[{"href":"https:\/\/www.pppy.fi\/index.php\/wp-json\/wp\/v2\/pages\/17","targetHints":{"allow":["GET"]}}],"collection":[{"href":"https:\/\/www.pppy.fi\/index.php\/wp-json\/wp\/v2\/pages"}],"about":[{"href":"https:\/\/www.pppy.fi\/index.php\/wp-json\/wp\/v2\/types\/page"}],"author":[{"embeddable":true,"href":"https:\/\/www.pppy.fi\/index.php\/wp-json\/wp\/v2\/users\/1"}],"replies":[{"embeddable":true,"href":"https:\/\/www.pppy.fi\/index.php\/wp-json\/wp\/v2\/comments?post=17"}],"version-history":[{"count":34,"href":"https:\/\/www.pppy.fi\/index.php\/wp-json\/wp\/v2\/pages\/17\/revisions"}],"predecessor-version":[{"id":1315,"href":"https:\/\/www.pppy.fi\/index.php\/wp-json\/wp\/v2\/pages\/17\/revisions\/1315"}],"wp:attachment":[{"href":"https:\/\/www.pppy.fi\/index.php\/wp-json\/wp\/v2\/media?parent=17"}],"curies":[{"name":"wp","href":"https:\/\/api.w.org\/{rel}","templated":true}]}}