{"id":1527,"date":"2023-05-08T17:14:43","date_gmt":"2023-05-08T17:14:43","guid":{"rendered":"https:\/\/www.pppy.fi\/?page_id=1527"},"modified":"2023-05-08T17:14:43","modified_gmt":"2023-05-08T17:14:43","slug":"toimintakertomus-2022","status":"publish","type":"page","link":"https:\/\/www.pppy.fi\/index.php\/toimintakertomus-2022\/","title":{"rendered":"Toimintakertomus 2022"},"content":{"rendered":"\n<p>Pajarin Poikien Perinneyhdistys ry<br>Saarenmaantie 208, 36200 Kangasala<br>Toimintakertomus 2022<\/p>\n\n\n\n<p><br>Vuosi 2022 oli vuonna 2006 perustetun yhdistyksemme 17. toimintavuosi. &#8211; Tammikuussa 2020<br>alkoi koronapandemia, joka sotki meid\u00e4nkin el\u00e4m\u00e4mme ja aiheutti peruutuksia suunnitelmiimme.<br>Emme ole viel\u00e4 edes t\u00e4ysin selvinneet tuostakaan riesasta, kun alkoi jotakin viel\u00e4 pahempaa!<br>Ven\u00e4j\u00e4n brutaali hy\u00f6kk\u00e4ys Ukrainaan 24. helmikuuta t\u00e4n\u00e4 vuonna toi sodan Eurooppaan. El\u00e4mme<br>t\u00e4n\u00e4\u00e4n poikkeuksellisen j\u00e4nnittyneess\u00e4, ep\u00e4vakaassa maailmantilanteessa. Tunnelma on kylm\u00e4\u00e4kin<br>sotaa hyisempi. Koronasta ja Ukrainan sodasta huolimatta olemme saaneet paljon aikaan,<br>runsaasti paria edellist\u00e4 vuotta enemm\u00e4n.<\/p>\n\n\n\n<p><br>PPPY on nyt yksi 23.5.2022 perustetun Sotien 1939-1945 Pirkanmaan Perinneyhdistys ry:n<br>perustajaj\u00e4senist\u00e4.<\/p>\n\n\n\n<p><br>Yhdistyksen vuosikokous pidettiin ma 6.4.2022 Ravintola Vaskit\u00e4hdess\u00e4. Kokouksen<br>puheenjohtajana toimi Matti Salonen ja sihteerin\u00e4 Helena Turpeinen. L\u00e4sn\u00e4 oli 37 henkil\u00f6\u00e4. &#8211;<br>Yhdistyksen puheenjohtajaksi valittiin jatkamaan kenraalimajuri Kalervo Sipi. Vakiintuneen<br>k\u00e4yt\u00e4nn\u00f6n mukaan hallituksen j\u00e4senten toimikausi on kaksi vuotta. Nyt valittiin vuosiksi 2022 &#8211;<br>2023 uudelleen Erkki Eskelinen, Tuomo Juntunen ja Hannu Wirola. Hallituksessa jatkavat vuosiksi<br>2021 &#8211; 2022 valitut Iiris Lehmuskentt\u00e4 ja Jarmo Talasrinne. &#8211; Tuomo Juntunen piti mielenkiintoisen,<br>erilaisen kokousesitelm\u00e4n aiheenaan \u201dAaro Pajari &#8211; suomalaisen suunnistuksen primus motor\u201d.<br>Kokouksen aluksi puheenjohtaja luovutti Tampereen Pyrinn\u00f6lle Pajari-p\u00e4iv\u00e4n\u00e4 10.12.2021<br>my\u00f6nnetyn Sinisen Ristin miekan kera kehystettyn\u00e4 kiitokseksi hedelm\u00e4llisest\u00e4 yhteisty\u00f6st\u00e4. Ristin<br>vastaanotti liikuntaneuvos Jarmo Hakanen. Perustelut ristiin l\u00f6ytyv\u00e4t vuoden 2021<br>toimintakertomuksesta.<\/p>\n\n\n\n<p><br>PPPY:n hallitus on jatkanut jo vuonna 2019 valitussa kokoonpanossa. Siin\u00e4 on kertomusvuonna<br>toiminut pj:na Kalervo Sipi, varapj:na Jarmo Talasrinne sek\u00e4 j\u00e4senin\u00e4 Erkki Eskelinen, Tuomo<br>Juntunen Pajari-tutkimuksen vet\u00e4j\u00e4n\u00e4, Iiris Lehmuskentt\u00e4 ja Hannu Wirola, j\u00e4lkimm\u00e4isen ollessa<br>lippu-upseeri. Yhdistyksen sihteerin\u00e4 ja taloudenhoitajana on ollut kunniapuheenjohtajamme<br>Helena Turpeinen. Matkatoimikuntaan ovat kuuluneet Tuomo Juntunen, Erkki Eskelinen ja Helena<br>Turpeinen. Toiminnantarkastajana on ollut Hannu Routamaa ja h\u00e4nen varamiehen\u00e4\u00e4n Veikko<br>Parkkinen.<\/p>\n\n\n\n<p><br>Yhdistyksen j\u00e4senm\u00e4\u00e4r\u00e4 oli vuoden lopulla 185 henkil\u00f6\u00e4. Toimintavuoden aikana uusia j\u00e4seni\u00e4 on<br>liittynyt yhdeks\u00e4n ja itse eronnut tai erotettu j\u00e4senmaksun laiminly\u00f6nnin takia 13 henkil\u00f6\u00e4.<br>J\u00e4senmaksu oli edelleen 20,-.<br>Hallitus piti vuoden aikana nelj\u00e4 (4) kokousta ja l\u00e4hetti kaksi (2) j\u00e4senkirjett\u00e4. Vuoden kolmas<br>kokous pidettiin ke 5.10.2022 Asikkalassa Kirkonkyl\u00e4n vanhalla kansakoululla, Aaro Pajarin<br>syntym\u00e4kodissa.<\/p>\n\n\n\n<p><br>Yhdistyksemme lippu oli Hannu Wirolan kantamana 4.6.2022 Kalevankankaalla ja Mannerheimin<br>patsaalla Leinolassa. Lippu Suomen lipun kanssa Pajari-seminaarista 28.6.2022 alkaen koko 125- vuotisjuhlan\u00e4yttelyn ajan purkamiseensa 1.8.2022 saakka Kangasala-talon n\u00e4yttelyaulassa. AOP:n<br>syntym\u00e4n muistop\u00e4iv\u00e4n\u00e4 17.7.2022 lippuosastoa komensi Hannu Wirola ja lippuja kantoivat maj res. Markku Muranen (Klan res.ups., Suomen lippu) ja Martti Tiitola (PPPY:n lippu), toisena lippu-<br>upseerina Kalevankankaalla toimi kapt res. Lauri Wirola (Klan res.ups.). Lippu oli my\u00f6s AOP ja hevoset -tilaisuudessa 17.7.2022 Pohtiolammella ja AOP-125-perinneammunnoissa 20.8.2022 P\u00e4lk\u00e4neell\u00e4. Pajari-p\u00e4iv\u00e4n\u00e4 12.12.2022 lippuosastoa komensi Hannu Wirola ja toisena lippu-<br>upseerina toimi kapt. res. Lauri Wirola. Martti Tiitola kantoi lippua sek\u00e4 Kalevankankaalla ett\u00e4 Kalevan lukiolla.<\/p>\n\n\n\n<p><br>Tuomo ja Esse osallistuivat Pajun taistelun ja Viron vapautumisen 103. vuosip\u00e4iv\u00e4\u00e4n Valgassa ja<br>Pajussa 31.1.2022.<\/p>\n\n\n\n<p><br>Er\u00e4s vuoden kohokohdista oli sotahistoria- ja kulttuurimatka Viroon 26. &#8211; 29.5.2022 teemalla<br>\u201dKolmen saaren kierros\u201d. Vastuullinen matkanj\u00e4rjest\u00e4j\u00e4 oli Tilausliikenne V-H Tuovinen Oy.<br>Erinomaisesti onnistuneen retkemme suunnittelijoina ja asiantuntijaoppaina toimivat Tuomo ja<br>Esse ja Helena j\u00e4lleen ansiokkaana huoltop\u00e4\u00e4llikk\u00f6n\u00e4. Pys\u00e4hdyksen ja tarkemman tutustumisen<br>kohteina olivat: Kihnussa &#8211; satama, lentokentt\u00e4, kartanon paikka, kirkkomuseo, kansantalo, majakka<br>ja Kihnun J\u00f6nnin kotipaikka; Vormsissa &#8211; Norrbyn majakat, R\u00e4lbyn tuulimylly, Paronin kivi, Saxbyn<br>majakka, Suurm\u00f6isan kartano, Hullon Pyh\u00e4n Olavin kirkko ja hautausmaa aurinkoristeineen sek\u00e4<br>Svibyn talonpoikaismuseo; Naissaaressa (paikallisoppaana Karl Lindstr\u00f6m, liikkuminen<br>maastokuorma-autoilla) &#8211; Satama, ilmatorjuntaohjusasema, 10 A tykkiasema, 10 B<br>tulenjohtokeskus, lounas majatalossa ja satama.<br>Ensimm\u00e4isen\u00e4 p\u00e4iv\u00e4n\u00e4 k\u00e4ytiin my\u00f6s kylm\u00e4nsodan aikaisessa ohjustukikohdassa T\u00fcriss\u00e4 ja<br>tutustuttiin Pietari Suuren merilinnoituksen yhteen kohteeseen Humalassa. Toisena p\u00e4iv\u00e4n\u00e4<br>matkalla Vormsiin k\u00e4vimme Haapsalun rautatieasemalla ja piipahdimme Kiltsin entisess\u00e4<br>lentotukikohdassa, jossa Veli-Heikki n\u00e4ytti meille kuinka lujaa bussi kulkee takaperinkin.<br>Virkist\u00e4vi\u00e4 ja mieliin j\u00e4\u00e4neit\u00e4 hetki\u00e4 retkell\u00e4 olivat aloitussamppanjat T\u00fcrisalu pank \u0301illa,<br>ensimm\u00e4iset kentt\u00e4kahvit Humalassa, virvoketarjoilu Naissaaressa tulenjohtotornin<br>s\u00e4hk\u00f6keskuksessa ja tietysti kaikki kentt\u00e4lounaat!<br>Matka onnistui erinomaisesti ja sille osallistui 43 henkil\u00f6\u00e4. Essen laatima kuvallinen matkaraportti<br>on kotisivuillamme.<\/p>\n\n\n\n<p><br>Vuoden eitt\u00e4m\u00e4t\u00f6n p\u00e4\u00e4tapahtuma olivat kes\u00e4ll\u00e4 toteutetut Pajarin syntym\u00e4n 125-juhlaan<br>liittyneet erilaiset toimet:<br>28.6.2022 pidettiin Kangasala-talossa Pajari-seminaari ja vietettiin Pajarin syntym\u00e4n 125-<br>vuotisjuhlan\u00e4yttelyn avajaiset. Seminaarin ja n\u00e4yttelyn varsinaisena primus motorina oli ty\u00f6ryhm\u00e4<br>Jarmo Talasrinne, Heikki M\u00e4enp\u00e4\u00e4, Tuomo Juntunen ja Hannu Wirola sek\u00e4 n\u00e4yttelyn tuottaja<br>Harjula Production Oy. Paikalla oli helteest\u00e4 huolimatta yli 50 hl\u00f6\u00e4!<\/p>\n\n\n\n<p><br>Pajarin varsinaisena syntym\u00e4p\u00e4iv\u00e4n\u00e4 17.7.2022 oli ensin klo 12.12 seremonia A.O. Pajarin<br>syntym\u00e4n 125-vuotismuistoksi Kalevankankaalla. Puheenjohtaja lausui muistosanat Pajarille ja<br>sen j\u00e4lkeen Helena, Jampe ja puheenjohtaja laskivat kukkalaitteen muistomerkille. Osallistui 20<br>hl\u00f6\u00e4.<\/p>\n\n\n\n<p><\/p>\n\n\n\n<p>Samana p\u00e4iv\u00e4n\u00e4 klo 14 alkoi Kangasalan Pohtiolammella luento- ja keskustelutilaisuus teemalla<br>&#8220;Kenraali A.O. Pajari ja hevoset&#8221;. Esiintyjin\u00e4 olivat Jukka-Pekka Leskinen ja Hannu Wirola ja<br>juontajana Heikki M\u00e4enp\u00e4\u00e4. Osallistui 20 hl\u00f6\u00e4. &#8211; P\u00e4\u00e4osa em tilaisuuksista on videotallenteina<br>kotisivuillamme kohdassa \u201dA.O. Pajari 125 v\u201d.<\/p>\n\n\n\n<p><br>Olimme mukana j\u00e4rjest\u00e4m\u00e4ss\u00e4 Ilmapuolustuseminaaria 1.12.2022 yhdess\u00e4 Suomalaisen Klubin<br>Maanpuolustuskerhon ja Pirkanmaan Maanpuolustusyhdistyksen kanssa Suomalainen Klubin<br>Marskin salissa. Kalervo Sipi avasi seminaarin ja kertoi my\u00f6s PPPY:st\u00e4. Erinomaisesti onnistuneen<br>tilaisuuden puhujina olivat kenrm evp Lauri Puranen, PLM:n strategisten projektien ohjelmajohtaja,<br>ev Mika Kulkas, SATLSTO:n komentaja ja maj Antti Laaksonen, MAAVE:sta, korkeatorjuntahankkeen<br>hankep\u00e4\u00e4llikk\u00f6. Jouni Koskela k\u00e4ytti puheenvuoron PirMPY:n nimiss\u00e4. Seminaariin osallistui 64<br>hl\u00f6\u00e4, joista meilt\u00e4 20 hl\u00f6\u00e4.<\/p>\n\n\n\n<p><br>Kahden peruutetun tilaisuuden j\u00e4lkeen pystyimme taas j\u00e4rjest\u00e4m\u00e4\u00e4n 12.12.2022 Kalevan lukiolla<br>perinteinen talvisodan Tolvaj\u00e4rven taistelujen muistoksi vietett\u00e4v\u00e4n Pajari-p\u00e4iv\u00e4n. Tapahtuman<br>j\u00e4rjesti perinteisesti kanssamme Pirkanmaan aluetoimisto. Ensimm\u00e4ist\u00e4 kertaa juhla oli my\u00f6s<br>Maanpuolustuskoulutusyhdistys MPK H\u00e4meen maanpuolustuspiirin vuosip\u00e4iv\u00e4. &#8211; Mukana oli toista<br>kertaa Satakunnan lennoston Suojauskomppania.<br>Ennen p\u00e4\u00e4juhlaa toteutettiin Kalevankankaalla perinteiset seppeleen laskut Sankariristille ja Pajarin<br>hautamuistomerkille. Mukana olivat ensimm\u00e4ist\u00e4 kertaa MPK:n lippu ja sitoutuneiden osasto.<br>Kalevan lukiolla esiintyi puheenjohtajamme avaussanojen j\u00e4lkeen Pirkanmaan aluetoimiston<br>puolesta sen p\u00e4\u00e4llikk\u00f6, everstiluutnantti Tommi Marttinen. Satakunnan lennoston nimiss\u00e4 piti<br>everstiluutnantti Petri Landkammer mielenkiintoisen Ukrainan kunniakkaita taisteluitakin Ven\u00e4j\u00e4\u00e4<br>vastaan k\u00e4sitelleen puheenvuoron. MPK H\u00e4meen piirip\u00e4\u00e4llikk\u00f6 Matti Eskola palkitsi<br>tervehdyssanojensa ja piirin toimintaa luodanneen esityksens\u00e4 j\u00e4lkeen MPK:n ansioituneita<br>sitoutuneita. Heit\u00e4 olikin t\u00e4ll\u00e4 kertaa koronapandemian aiheuttamien siirtojen takia runsaasti! &#8211;<br>Kahdesta peruutuksesta johtuen oli kaikilla yt-organisaatioillamme runsaasti palkittavia.<br>Tuomo Juntunen piti tapansa mukaan perusteellisen ja mielenkiintoisen esitelm\u00e4n Pajarin<br>sotatiest\u00e4, joka oli kronologisesti jatkoa h\u00e4nen aiempien Pajari-p\u00e4ivien esityksiins\u00e4. T\u00e4ll\u00e4 kertaa<br>otsikkona oli \u201d18.D:n hy\u00f6kk\u00e4ys Kannakselle kes\u00e4ll\u00e4 1941\u201d.<br>Puheenjohtaja jakoi tilaisuuden lopuksi kaksi yhdistyksemme korkeinta huomionosoitusta, \u201dA.O.<br>Pajari Muistolevykett\u00e4\u201d. Saajina olivat Reetta Vauhkonen ja h\u00e4nen kauttaan Vauhkosten Lomam\u00f6kit<br>Anttolan H\u00e4myytsaaressa sek\u00e4 toimitusjohtaja Heikki M\u00e4enp\u00e4\u00e4 ja h\u00e4nen johtamansa Harjula<br>Production Oy Kangasalta.<br>Tilaisuuden juhlavasta musiikista vastasi MPK H\u00e4meen soittokunta kapellimestarinaan Pekka Ahonen. Paikalla oli noin 220 henkil\u00f6\u00e4, joista meid\u00e4n kutsumiamme oli 35 hl\u00f6\u00e4. &#8211; Raportti Pajari-<br>p\u00e4iv\u00e4st\u00e4 on kotisivuillamme.<\/p>\n\n\n\n<p><\/p>\n\n\n\n<p>Parin vuoden tauon j\u00e4lkeen MPKK:n Jatkotutkinto-osasto j\u00e4rjesti taas Tolvaj\u00e4rven taistelujen<br>perinnep\u00e4iv\u00e4n 12.12.2022. P\u00e4\u00e4llekk\u00e4isyyden takia tilaisuuteen osallistui meilt\u00e4 vain Harri<br>Virtapohja. Juhani Talvelan kanssa on nyt sovittu, ett\u00e4 perinnetoimikunta pyrkii jatkossa v\u00e4ltt\u00e4m\u00e4\u00e4n<br>p\u00e4\u00e4llekk\u00e4isyyden. Meill\u00e4 on etuoikeus p\u00e4iv\u00e4\u00e4n 12.12.<\/p>\n\n\n\n<p><\/p>\n\n\n\n<p>Uutena projektina k\u00e4ynnistettiin yhdess\u00e4 asikkalalaisten kanssa lokakuun hallituskokouksen<br>yhteydess\u00e4 Mannerheim-ristin ritarien Aaro Pajari ja Kalervo Loimu perinteiden vaalinta<br>Asikkalassa. Mukana oli my\u00f6s Loimun poika Kalervo Loimu. Tavoitteena on 16.10.2024 avattava<br>juhlan\u00e4yttely tms.<\/p>\n\n\n\n<p><br>Puheenjohtaja on pit\u00e4nyt 22.9.2022 Tammenlehv\u00e4keskuksessa esitelm\u00e4n aiheena \u201dAjatuksia Aaro<br>Pajarin sotatiest\u00e4\u201d ja Pajarin Poikien Perinneyhdistys. Syyn\u00e4 t\u00e4h\u00e4n kutsuun oli keskuksen<br>kirjahyllyst\u00e4 l\u00f6ytynyt Pajarille omistettu Eino Pakarisen runokirja \u201dLaulu ja el\u00e4m\u00e4\u201d sek\u00e4 Olavi<br>Liukkosen kirje Irja Pajari-Aallolle 5.10.1994.<\/p>\n\n\n\n<p><br>Hannu ja Lauri Wirola j\u00e4rjestiv\u00e4t 20.8.2022 P\u00e4lk\u00e4neell\u00e4 AOP 125 v -teemalla perinneammunnat<br>suojeluskunta-aikaisilla aseilla, joiden aiemmat omistajat olivat olleet oikeita \u201dPajarin poikia\u201d.<br>Vieraana colonel ret. Jeffrey Appleget Kaliforniasta. AOP 125 v -teema oli esill\u00e4 my\u00f6s 30.8.2022<br>Kuhmalahti Tractor Pulling -tapahtumassa.<\/p>\n\n\n\n<p><br>12.12.2019 julkistetun Tolvaj\u00e4rvi-kirjan toisestakin painoksesta on j\u00e4ljell\u00e4 en\u00e4\u00e4 muutamia<br>kappaleita (kirjaa painettiin yhteens\u00e4 725 kpl).<\/p>\n\n\n\n<p><br>Hankittiin Tolvaj\u00e4rven taisteluja kunnioittava hihamerkki, jossa kuvana Matkailumaja.<br>Toimintavuonna jatkettiin Helena ja Kari Turpeisen aloittamaa Pajarin arkiston tutkimista ja<br>luettelointia.<\/p>\n\n\n\n<p><br>Olemme edelleen mukana jo puretun Kangasalan Suojeluskuntatallin uudelleenpystytyksen<br>suunnittelussa, Kangasalan interaktiivisessa Sarsa-hankkeessa sek\u00e4 K.L. Oeschin Muistoyhdistys<br>ry:n interaktiivisessa \u201dSuomalaisia Sankareita\u201d -projektissa. Kaikki edell\u00e4 mainitut projektit ovat<br>olleet kuluneena vuonna suvantovaiheessa.<br>J\u00e4senet ovat osallistuneet koronarajoitusten puitteissa Tampereen seudulla j\u00e4rjestettyihin<br>maanpuolustus- ja perinnetilaisuuksiin.<\/p>\n\n\n\n<p><br>Yhdistyksell\u00e4mme on osoitteessa https:\/\/www.pppy.fi kotisivut. Niiden uudistusty\u00f6 on jatkunut<br>Jampen johdolla ja sivut alkavat olla monipuolisia ja mielenkiintoisia. N\u00e4kyvyytt\u00e4mme lis\u00e4siv\u00e4t<br>j\u00e4lleen Markku Rauhalahden monet kuvat Moron \u201dMeir\u00e4n kekkerit\u201d-palstalla.<br>Kirjanpidostamme vastaa Tilitoimisto Aallon Tampere Oy.<\/p>\n\n\n\n<p><br>Kunniateht\u00e4v\u00e4mme on vaalia kahden Mannerheim-ristin ritarin, kenraalimajuri Aaro Olavi<br>Pajarin muistoa ja h\u00e4nen joukoissaan taistelleiden perinteit\u00e4. N\u00e4in me olemme sit\u00e4 toteuttaneet<br>onnistuneesti vuonna 2022.<\/p>\n\n\n\n<p><br>Tampereella 18. huhtikuuta 2023<br>Kalervo Sipi<br>puheenjohtaja<\/p>\n","protected":false},"excerpt":{"rendered":"<p>Pajarin Poikien Perinneyhdistys rySaarenmaantie 208, 36200 KangasalaToimintakertomus 2022 Vuosi 2022 oli vuonna 2006 perustetun yhdistyksemme 17. toimintavuosi. &#8211; Tammikuussa 2020alkoi koronapandemia, joka sotki meid\u00e4nkin el\u00e4m\u00e4mme ja aiheutti peruutuksia suunnitelmiimme.Emme ole viel\u00e4 edes t\u00e4ysin selvinneet tuostakaan riesasta, kun alkoi jotakin viel\u00e4 pahempaa!Ven\u00e4j\u00e4n brutaali hy\u00f6kk\u00e4ys Ukrainaan 24. helmikuuta t\u00e4n\u00e4 vuonna toi sodan Eurooppaan. El\u00e4mmet\u00e4n\u00e4\u00e4n poikkeuksellisen j\u00e4nnittyneess\u00e4, ep\u00e4vakaassa maailmantilanteessa. Tunnelma on kylm\u00e4\u00e4kinsotaa hyisempi. Koronasta ja Ukrainan sodasta huolimatta olemme saaneet paljon aikaan,runsaasti paria edellist\u00e4 vuotta enemm\u00e4n. PPPY on&hellip; <\/p>\n","protected":false},"author":1,"featured_media":0,"parent":0,"menu_order":0,"comment_status":"closed","ping_status":"closed","template":"","meta":{"footnotes":""},"class_list":["post-1527","page","type-page","status-publish","hentry"],"_links":{"self":[{"href":"https:\/\/www.pppy.fi\/index.php\/wp-json\/wp\/v2\/pages\/1527","targetHints":{"allow":["GET"]}}],"collection":[{"href":"https:\/\/www.pppy.fi\/index.php\/wp-json\/wp\/v2\/pages"}],"about":[{"href":"https:\/\/www.pppy.fi\/index.php\/wp-json\/wp\/v2\/types\/page"}],"author":[{"embeddable":true,"href":"https:\/\/www.pppy.fi\/index.php\/wp-json\/wp\/v2\/users\/1"}],"replies":[{"embeddable":true,"href":"https:\/\/www.pppy.fi\/index.php\/wp-json\/wp\/v2\/comments?post=1527"}],"version-history":[{"count":1,"href":"https:\/\/www.pppy.fi\/index.php\/wp-json\/wp\/v2\/pages\/1527\/revisions"}],"predecessor-version":[{"id":1528,"href":"https:\/\/www.pppy.fi\/index.php\/wp-json\/wp\/v2\/pages\/1527\/revisions\/1528"}],"wp:attachment":[{"href":"https:\/\/www.pppy.fi\/index.php\/wp-json\/wp\/v2\/media?parent=1527"}],"curies":[{"name":"wp","href":"https:\/\/api.w.org\/{rel}","templated":true}]}}